{"id":2302,"date":"2017-04-04T18:11:03","date_gmt":"2017-04-04T16:11:03","guid":{"rendered":"https:\/\/photosmteroux.ch\/?page_id=2302"},"modified":"2017-08-09T09:10:17","modified_gmt":"2017-08-09T07:10:17","slug":"2302-2","status":"publish","type":"page","link":"https:\/\/photosmteroux.ch\/?page_id=2302","title":{"rendered":"QUI ?"},"content":{"rendered":"<div id=\"pl-2302\"  class=\"panel-layout\" ><div id=\"pg-2302-0\"  class=\"panel-grid panel-has-style\" ><div style=\"padding: 5px 0; \" data-overlay=\"true\" data-overlay-color=\"#000000\" class=\"panel-row-style panel-row-style-for-2302-0\" ><div id=\"pgc-2302-0-0\"  class=\"panel-grid-cell\" ><div id=\"panel-2302-0-0-0\" class=\"so-panel widget widget_sow-editor panel-first-child panel-last-child\" data-index=\"0\" ><div style=\"text-align: left;\" data-title-color=\"#443f3f\" data-headings-color=\"#443f3f\" class=\"panel-widget-style panel-widget-style-for-2302-0-0-0\" ><div class=\"so-widget-sow-editor so-widget-sow-editor-base\"><h3 class=\"widget-title\">QUI SOMMES-NOUS ?<\/h3>\n<div class=\"siteorigin-widget-tinymce textwidget\">\n\t<div><a name=\"anchor-top\"><\/a><\/div>\n<div class=\"wa-comp wa-text wa-bg-gradient param[grad(rgba(0,0,0,0)) border(0 #969696)] \" style=\"text-align: justify;\"><span style=\"font-family: verdana, geneva, sans-serif; font-size: 18pt; color: #000000;\"><span style=\"font-size: 14pt;\">Depuis plus de trente ans, nous sillonnons le globe\u00a0 \u00e0 la d\u00e9couverte des ethnies et des populations. Mais nous n'avons pas oubli\u00e9 pour autant nos racines. Apr\u00e8s un premier livre consacr\u00e9 au Valais, un deuxi\u00e8me verra le jour en novembre 2017. \u00a0Notre d\u00e9marche s\u2019inscrit dans celle des confidents qui tendent l\u2019oreille et \u00e0 qui l\u2019on dit des secrets sans s\u2019en rendre compte. Nous t\u00e2chons d\u2019\u00eatre complices plut\u00f4t que voyeurs dans notre approche car nous sommes persuad\u00e9s que chacun\u00a0 porte en soi une partie de la beaut\u00e9 du monde...<\/span>\u00a0 <span style=\"font-size: 14pt;\">D\u00e9but 2016, nous avons fond\u00e9 notre soci\u00e9t\u00e9 \u00a0ART &amp; MOVIES, sp\u00e9cialis\u00e9e dans les reportages photographiques et cin\u00e9matographiques.\u00a0<\/span><\/span><\/div>\n<div class=\"wa-comp wa-text wa-bg-gradient param[grad(rgba(0,0,0,0)) border(0 #969696)] \" style=\"text-align: justify;\"><span style=\"font-family: verdana, geneva, sans-serif; font-size: 18pt;\">\u00a0<\/span><\/div>\n<div class=\"wa-comp wa-text wa-bg-gradient param[grad(rgba(0,0,0,0)) border(0 #969696)] \">\u00a0<\/div>\n<div class=\"wa-comp wa-text wa-bg-gradient param[grad(rgba(0,0,0,0)) border(0 #969696)] \"><img loading=\"lazy\" decoding=\"async\" class=\"aligncenter wp-image-4203 size-large\" src=\"https:\/\/photosmteroux.ch\/wp-content\/uploads\/2017\/04\/IMG_2986-1024x769.jpg\" alt=\"\" width=\"1024\" height=\"769\" srcset=\"https:\/\/photosmteroux.ch\/wp-content\/uploads\/2017\/04\/IMG_2986-1024x769.jpg 1024w, https:\/\/photosmteroux.ch\/wp-content\/uploads\/2017\/04\/IMG_2986-300x225.jpg 300w, https:\/\/photosmteroux.ch\/wp-content\/uploads\/2017\/04\/IMG_2986-768x576.jpg 768w, https:\/\/photosmteroux.ch\/wp-content\/uploads\/2017\/04\/IMG_2986-510x382.jpg 510w, https:\/\/photosmteroux.ch\/wp-content\/uploads\/2017\/04\/IMG_2986-1080x811.jpg 1080w, https:\/\/photosmteroux.ch\/wp-content\/uploads\/2017\/04\/IMG_2986-830x623.jpg 830w, https:\/\/photosmteroux.ch\/wp-content\/uploads\/2017\/04\/IMG_2986-230x173.jpg 230w, https:\/\/photosmteroux.ch\/wp-content\/uploads\/2017\/04\/IMG_2986-350x263.jpg 350w, https:\/\/photosmteroux.ch\/wp-content\/uploads\/2017\/04\/IMG_2986-480x360.jpg 480w, https:\/\/photosmteroux.ch\/wp-content\/uploads\/2017\/04\/IMG_2986.jpg 1688w\" sizes=\"auto, (max-width: 1024px) 100vw, 1024px\" \/><\/div>\n<div>\u00a0<\/div>\n<div class=\"wa-comp wa-text wa-bg-gradient param[grad(rgba(0,0,0,0)) border(0 #969696)] \">\u00a0<\/div>\n<div style=\"text-align: center;\"><span style=\"font-family: verdana, geneva, sans-serif; font-size: 14pt; color: #000000;\">ART &amp; MOVIES<\/span><\/div>\n<div style=\"text-align: center;\"><span style=\"font-family: verdana, geneva, sans-serif; font-size: 14pt; color: #000000;\">Marie-Th\u00e9 et Etienne Roux<\/span><\/div>\n<div style=\"text-align: center;\"><span style=\"font-family: verdana, geneva, sans-serif; font-size: 14pt; color: #000000;\">Rte de Mi\u00e8ge 11<\/span><\/div>\n<div style=\"text-align: center;\"><span style=\"font-family: verdana, geneva, sans-serif; font-size: 14pt; color: #000000;\">3973 VENT\u00d4NE<\/span><\/div>\n<div style=\"text-align: center;\"><span style=\"font-family: verdana, geneva, sans-serif; color: #000000;\">SWITZERLAND<\/span><\/div>\n<div align=\"center\">\u00a0<\/div>\n<div align=\"center\">\n<div style=\"text-align: justify;\" align=\"justify\"><span style=\"font-family: verdana, geneva, sans-serif; font-size: 14pt; color: #000000;\">ART &amp; Movies vous offre les prestations d'un atelier photographique. Vous pouvez faire appel \u00e0 notre exp\u00e9rience et \u00e0 nos\u00a0 comp\u00e9tences pour tous les travaux photographiques ou cin\u00e9matographiques dont vous avez besoin.\u00a0Nous utilisons du mat\u00e9riel \u00e0 la pointe du progr\u00e8s (51 MP - vid\u00e9os 4K).\u00a0Nos tirages photos sont r\u00e9alis\u00e9s sur du papier Fine Art Museum pour une longue conservation et un rendu sans pareil. Galeries en lignes, CD, livres, tout peut \u00eatre obtenu sans probl\u00e8me.<\/span><\/div>\n<div style=\"text-align: justify;\"><span style=\"font-family: verdana, geneva, sans-serif; font-size: 14pt; color: #000000;\">\u00a0<\/span><\/div>\n<div style=\"text-align: center;\" align=\"left\"><span style=\"font-family: verdana, geneva, sans-serif; font-size: 14pt; color: #000000;\">- Portraits en simple, en double ou en groupe, au studio ou\u00a0chez vous.<\/span><\/div>\n<div style=\"text-align: center;\" align=\"left\"><span style=\"font-family: verdana, geneva, sans-serif; font-size: 14pt; color: #000000;\">- Mariages<\/span><\/div>\n<div style=\"text-align: center;\" align=\"left\"><span style=\"font-family: verdana, geneva, sans-serif; font-size: 14pt; color: #000000;\">- Naissance<\/span><\/div>\n<div style=\"text-align: center;\" align=\"left\"><span style=\"font-family: verdana, geneva, sans-serif; font-size: 14pt; color: #000000;\">- Events<\/span><\/div>\n<div style=\"text-align: center;\" align=\"left\"><span style=\"font-family: verdana, geneva, sans-serif; font-size: 14pt; color: #000000;\">- Reportage d'entreprise<\/span><\/div>\n<div style=\"text-align: center;\" align=\"left\"><span style=\"font-family: verdana, geneva, sans-serif; font-size: 14pt; color: #000000;\">- Projets divers<\/span><\/div>\n<div style=\"text-align: center;\"><span style=\"font-family: verdana, geneva, sans-serif; font-size: 14pt; color: #000000;\">\u00a0<\/span><\/div>\n<div style=\"text-align: center;\" align=\"left\"><span style=\"font-family: verdana, geneva, sans-serif; font-size: 14pt; color: #000000;\">TARIFS: les tarifs se discutent d'un commun accord apr\u00e8s le choix de la formule.<\/span><\/div>\n<div style=\"text-align: center;\"><span style=\"font-family: verdana, geneva, sans-serif; font-size: 14pt; color: #000000;\">\u00a0<\/span><\/div>\n<div style=\"text-align: center;\" align=\"left\"><span style=\"font-family: verdana, geneva, sans-serif; font-size: 14pt; color: #000000;\"><a href=\"https:\/\/photosmteroux.ch\/?page_id=2048\">N'HESITEZ PAS A NOUS APPELER<\/a> - NOUS VENONS SUR PLACE \u00a0<\/span><\/div>\n<div align=\"left\"><span style=\"font-family: verdana, geneva, sans-serif; font-size: 14pt; color: #000000;\">\u00a0<\/span><\/div>\n<div style=\"text-align: justify;\" align=\"left\"><span style=\"font-family: verdana, geneva, sans-serif; font-size: 14pt; color: #000000;\">\u00a0<\/span><\/div>\n<\/div>\n<div style=\"text-align: justify;\" align=\"center\"><span style=\"font-family: verdana, geneva, sans-serif; font-size: 14pt; color: #000000;\">\u00a0<\/span><\/div>\n<div style=\"text-align: justify;\" align=\"center\"><span style=\"font-family: verdana, geneva, sans-serif; font-size: 14pt; color: #000000;\">\u00a0<\/span><\/div>\n<div style=\"text-align: justify;\" align=\"center\"><span style=\"font-family: verdana, geneva, sans-serif; font-size: 14pt; color: #000000;\">\u00a0<\/span><\/div>\n<div style=\"text-align: justify;\" align=\"center\"><span style=\"font-family: verdana, geneva, sans-serif; font-size: 14pt; color: #000000;\">\u00a0<\/span><\/div>\n<div style=\"text-align: justify;\" align=\"center\"><span style=\"font-family: verdana, geneva, sans-serif; font-size: 14pt; color: #000000;\">\u00a0<\/span><\/div>\n<div style=\"text-align: left;\" align=\"center\">\u00a0<\/div>\n<div style=\"text-align: left;\" align=\"center\">\u00a0<\/div>\n<div style=\"text-align: left;\" align=\"center\">\u00a0<\/div>\n<div style=\"text-align: left;\" align=\"center\">\u00a0<\/div>\n<div style=\"text-align: left;\" align=\"center\">\u00a0<\/div>\n<div style=\"text-align: left;\" align=\"center\">\u00a0<\/div>\n<div style=\"text-align: left;\" align=\"center\">\u00a0<\/div>\n<div style=\"text-align: left;\" align=\"center\">\u00a0<\/div>\n<div style=\"text-align: left;\" align=\"center\">\u00a0<\/div>\n<\/div>\n<\/div><\/div><\/div><\/div><\/div><\/div><\/div>","protected":false},"excerpt":{"rendered":"<p>Depuis plus de trente ans, nous sillonnons le globe\u00a0 \u00e0 la d\u00e9couverte des ethnies et des populations. Mais nous n&#8217;avons pas oubli\u00e9 [&hellip;]<\/p>\n","protected":false},"author":1,"featured_media":0,"parent":0,"menu_order":0,"comment_status":"closed","ping_status":"closed","template":"page-templates\/page_fullwidth.php","meta":{"footnotes":""},"class_list":["post-2302","page","type-page","status-publish","hentry"],"_links":{"self":[{"href":"https:\/\/photosmteroux.ch\/index.php?rest_route=\/wp\/v2\/pages\/2302","targetHints":{"allow":["GET"]}}],"collection":[{"href":"https:\/\/photosmteroux.ch\/index.php?rest_route=\/wp\/v2\/pages"}],"about":[{"href":"https:\/\/photosmteroux.ch\/index.php?rest_route=\/wp\/v2\/types\/page"}],"author":[{"embeddable":true,"href":"https:\/\/photosmteroux.ch\/index.php?rest_route=\/wp\/v2\/users\/1"}],"replies":[{"embeddable":true,"href":"https:\/\/photosmteroux.ch\/index.php?rest_route=%2Fwp%2Fv2%2Fcomments&post=2302"}],"version-history":[{"count":44,"href":"https:\/\/photosmteroux.ch\/index.php?rest_route=\/wp\/v2\/pages\/2302\/revisions"}],"predecessor-version":[{"id":5515,"href":"https:\/\/photosmteroux.ch\/index.php?rest_route=\/wp\/v2\/pages\/2302\/revisions\/5515"}],"wp:attachment":[{"href":"https:\/\/photosmteroux.ch\/index.php?rest_route=%2Fwp%2Fv2%2Fmedia&parent=2302"}],"curies":[{"name":"wp","href":"https:\/\/api.w.org\/{rel}","templated":true}]}}