{"id":4726,"date":"2017-06-24T15:35:49","date_gmt":"2017-06-24T13:35:49","guid":{"rendered":"https:\/\/photosmteroux.ch\/?page_id=4726"},"modified":"2020-08-25T08:28:05","modified_gmt":"2020-08-25T06:28:05","slug":"reportages","status":"publish","type":"page","link":"https:\/\/photosmteroux.ch\/?page_id=4726","title":{"rendered":"DU C\u00d4T\u00c9 DE NOS CLIENTS"},"content":{"rendered":"<div id=\"pl-4726\"  class=\"panel-layout\" ><div id=\"pg-4726-0\"  class=\"panel-grid panel-has-style\" ><div class=\"siteorigin-panels-stretch panel-row-style panel-row-style-for-4726-0\" style=\"padding: 10px 0; \" data-stretch-type=\"full\" data-overlay=\"true\" data-overlay-color=\"#000000\" ><div id=\"pgc-4726-0-0\"  class=\"panel-grid-cell\" ><div id=\"panel-4726-0-0-0\" class=\"so-panel widget widget_sow-editor panel-first-child panel-last-child\" data-index=\"0\" ><div style=\"text-align: left;\" data-title-color=\"#443f3f\" data-headings-color=\"#443f3f\" class=\"panel-widget-style panel-widget-style-for-4726-0-0-0\" ><div class=\"so-widget-sow-editor so-widget-sow-editor-base\">\n<div class=\"siteorigin-widget-tinymce textwidget\">\n\t<p style=\"text-align: right;\"><a href=\"https:\/\/photosmteroux.ch\/\">HOME<\/a><\/p>\n<\/div>\n<\/div><\/div><\/div><\/div><\/div><\/div><div id=\"pg-4726-1\"  class=\"panel-grid panel-has-style\" ><div style=\"padding: 100px 0; \" data-overlay=\"true\" data-overlay-color=\"#000000\" class=\"panel-row-style panel-row-style-for-4726-1\" ><div id=\"pgc-4726-1-0\"  class=\"panel-grid-cell\" ><div id=\"panel-4726-1-0-0\" class=\"so-panel widget widget_sow-image panel-first-child panel-last-child\" data-index=\"1\" ><div style=\"text-align: left;\" data-title-color=\"#443f3f\" data-headings-color=\"#443f3f\" class=\"panel-widget-style panel-widget-style-for-4726-1-0-0\" ><div class=\"so-widget-sow-image so-widget-sow-image-default-d6014b76747a\">\n\t<h3 class=\"widget-title\">EPFL Valais\/Wallis Sion<\/h3>\n<div class=\"sow-image-container\">\n<a href=\"https:\/\/photosmteroux.ch\/?page_id=5751\" >\t<img loading=\"lazy\" decoding=\"async\" src=\"https:\/\/photosmteroux.ch\/wp-content\/uploads\/2018\/06\/MTE4eEPFL300418-25-2.jpg\" width=\"6080\" height=\"2067\" srcset=\"https:\/\/photosmteroux.ch\/wp-content\/uploads\/2018\/06\/MTE4eEPFL300418-25-2.jpg 6080w, https:\/\/photosmteroux.ch\/wp-content\/uploads\/2018\/06\/MTE4eEPFL300418-25-2-300x102.jpg 300w, https:\/\/photosmteroux.ch\/wp-content\/uploads\/2018\/06\/MTE4eEPFL300418-25-2-768x261.jpg 768w, https:\/\/photosmteroux.ch\/wp-content\/uploads\/2018\/06\/MTE4eEPFL300418-25-2-1024x348.jpg 1024w, https:\/\/photosmteroux.ch\/wp-content\/uploads\/2018\/06\/MTE4eEPFL300418-25-2-1080x367.jpg 1080w, https:\/\/photosmteroux.ch\/wp-content\/uploads\/2018\/06\/MTE4eEPFL300418-25-2-830x282.jpg 830w, https:\/\/photosmteroux.ch\/wp-content\/uploads\/2018\/06\/MTE4eEPFL300418-25-2-230x78.jpg 230w, https:\/\/photosmteroux.ch\/wp-content\/uploads\/2018\/06\/MTE4eEPFL300418-25-2-350x119.jpg 350w, https:\/\/photosmteroux.ch\/wp-content\/uploads\/2018\/06\/MTE4eEPFL300418-25-2-480x163.jpg 480w\" sizes=\"auto, (max-width: 6080px) 100vw, 6080px\" title=\"EPFL Valais\/Wallis Sion\" alt=\"\" \t\tclass=\"so-widget-image\"\/>\n<\/a><\/div>\n\n<\/div><\/div><\/div><\/div><\/div><\/div><div id=\"pg-4726-2\"  class=\"panel-grid panel-has-style\" ><div class=\"siteorigin-panels-stretch panel-row-style panel-row-style-for-4726-2\" style=\"padding: 10px 0; \" data-stretch-type=\"full\" data-overlay=\"true\" data-overlay-color=\"#000000\" ><div id=\"pgc-4726-2-0\"  class=\"panel-grid-cell\" ><div id=\"panel-4726-2-0-0\" class=\"so-panel widget widget_sow-image panel-first-child panel-last-child\" data-index=\"2\" ><div style=\"text-align: left;\" data-title-color=\"#443f3f\" data-headings-color=\"#443f3f\" class=\"panel-widget-style panel-widget-style-for-4726-2-0-0\" ><div class=\"so-widget-sow-image so-widget-sow-image-default-d6014b76747a\">\n\t<h3 class=\"widget-title\">CARRI\u00c8RES DU LESSUS<\/h3>\n<div class=\"sow-image-container\">\n<a href=\"https:\/\/photosmteroux.ch\/?page_id=6643\" >\t<img loading=\"lazy\" decoding=\"async\" src=\"https:\/\/photosmteroux.ch\/wp-content\/uploads\/2020\/02\/Ecales050719-2-scaled.jpg\" width=\"2560\" height=\"1920\" srcset=\"https:\/\/photosmteroux.ch\/wp-content\/uploads\/2020\/02\/Ecales050719-2-scaled.jpg 2560w, https:\/\/photosmteroux.ch\/wp-content\/uploads\/2020\/02\/Ecales050719-2-300x225.jpg 300w, https:\/\/photosmteroux.ch\/wp-content\/uploads\/2020\/02\/Ecales050719-2-1024x768.jpg 1024w, https:\/\/photosmteroux.ch\/wp-content\/uploads\/2020\/02\/Ecales050719-2-768x576.jpg 768w, https:\/\/photosmteroux.ch\/wp-content\/uploads\/2020\/02\/Ecales050719-2-1536x1152.jpg 1536w, https:\/\/photosmteroux.ch\/wp-content\/uploads\/2020\/02\/Ecales050719-2-2048x1536.jpg 2048w, https:\/\/photosmteroux.ch\/wp-content\/uploads\/2020\/02\/Ecales050719-2-830x623.jpg 830w, https:\/\/photosmteroux.ch\/wp-content\/uploads\/2020\/02\/Ecales050719-2-230x173.jpg 230w, https:\/\/photosmteroux.ch\/wp-content\/uploads\/2020\/02\/Ecales050719-2-350x263.jpg 350w, https:\/\/photosmteroux.ch\/wp-content\/uploads\/2020\/02\/Ecales050719-2-480x360.jpg 480w\" sizes=\"auto, (max-width: 2560px) 100vw, 2560px\" title=\"CARRI\u00c8RES DU LESSUS\" alt=\"\" \t\tclass=\"so-widget-image\"\/>\n<\/a><\/div>\n\n<\/div><\/div><\/div><\/div><div id=\"pgc-4726-2-1\"  class=\"panel-grid-cell panel-grid-cell-empty\" ><\/div><div id=\"pgc-4726-2-2\"  class=\"panel-grid-cell\" ><div id=\"panel-4726-2-2-0\" class=\"so-panel widget widget_sow-image panel-first-child panel-last-child\" data-index=\"3\" ><div style=\"text-align: left;\" data-title-color=\"#443f3f\" data-headings-color=\"#443f3f\" class=\"panel-widget-style panel-widget-style-for-4726-2-2-0\" ><div class=\"so-widget-sow-image so-widget-sow-image-default-72463164d13f\">\n\t<h3 class=\"widget-title\">R\u00c9SIDENCE PLANTZETTE<\/h3>\n<div class=\"sow-image-container\">\n<a href=\"https:\/\/photosmteroux.ch\/?page_id=5962\" >\t<img loading=\"lazy\" decoding=\"async\" src=\"https:\/\/photosmteroux.ch\/wp-content\/uploads\/2018\/07\/RP3-13.jpg\" width=\"7397\" height=\"4931\" srcset=\"https:\/\/photosmteroux.ch\/wp-content\/uploads\/2018\/07\/RP3-13.jpg 7397w, https:\/\/photosmteroux.ch\/wp-content\/uploads\/2018\/07\/RP3-13-300x200.jpg 300w, https:\/\/photosmteroux.ch\/wp-content\/uploads\/2018\/07\/RP3-13-768x512.jpg 768w, https:\/\/photosmteroux.ch\/wp-content\/uploads\/2018\/07\/RP3-13-1024x683.jpg 1024w, https:\/\/photosmteroux.ch\/wp-content\/uploads\/2018\/07\/RP3-13-1080x720.jpg 1080w, https:\/\/photosmteroux.ch\/wp-content\/uploads\/2018\/07\/RP3-13-830x553.jpg 830w, https:\/\/photosmteroux.ch\/wp-content\/uploads\/2018\/07\/RP3-13-230x153.jpg 230w, https:\/\/photosmteroux.ch\/wp-content\/uploads\/2018\/07\/RP3-13-350x233.jpg 350w, https:\/\/photosmteroux.ch\/wp-content\/uploads\/2018\/07\/RP3-13-480x320.jpg 480w, https:\/\/photosmteroux.ch\/wp-content\/uploads\/2018\/07\/RP3-13-272x182.jpg 272w\" sizes=\"auto, (max-width: 7397px) 100vw, 7397px\" title=\"R\u00c9SIDENCE PLANTZETTE\" alt=\"\" \t\tclass=\"so-widget-image\"\/>\n<\/a><\/div>\n\n<\/div><\/div><\/div><\/div><\/div><\/div><div id=\"pg-4726-3\"  class=\"panel-grid panel-has-style\" ><div style=\"padding: 100px 0; \" data-overlay=\"true\" data-overlay-color=\"#000000\" class=\"panel-row-style panel-row-style-for-4726-3\" ><div id=\"pgc-4726-3-0\"  class=\"panel-grid-cell\" ><div id=\"panel-4726-3-0-0\" class=\"so-panel widget widget_sow-image panel-first-child panel-last-child\" data-index=\"4\" ><div style=\"text-align: left;\" data-title-color=\"#443f3f\" data-headings-color=\"#443f3f\" class=\"panel-widget-style panel-widget-style-for-4726-3-0-0\" ><div class=\"so-widget-sow-image so-widget-sow-image-default-d6014b76747a\">\n\t<h3 class=\"widget-title\">PFYN-FINGES <\/h3>\n<div class=\"sow-image-container\">\n<a href=\"https:\/\/photosmteroux.ch\/?page_id=4744\" >\t<img loading=\"lazy\" decoding=\"async\" src=\"https:\/\/photosmteroux.ch\/wp-content\/uploads\/2017\/06\/01-1.jpg\" width=\"4256\" height=\"2848\" srcset=\"https:\/\/photosmteroux.ch\/wp-content\/uploads\/2017\/06\/01-1.jpg 4256w, https:\/\/photosmteroux.ch\/wp-content\/uploads\/2017\/06\/01-1-300x201.jpg 300w, https:\/\/photosmteroux.ch\/wp-content\/uploads\/2017\/06\/01-1-768x514.jpg 768w, https:\/\/photosmteroux.ch\/wp-content\/uploads\/2017\/06\/01-1-1024x685.jpg 1024w, https:\/\/photosmteroux.ch\/wp-content\/uploads\/2017\/06\/01-1-1080x723.jpg 1080w, https:\/\/photosmteroux.ch\/wp-content\/uploads\/2017\/06\/01-1-830x555.jpg 830w, https:\/\/photosmteroux.ch\/wp-content\/uploads\/2017\/06\/01-1-230x154.jpg 230w, https:\/\/photosmteroux.ch\/wp-content\/uploads\/2017\/06\/01-1-350x234.jpg 350w, https:\/\/photosmteroux.ch\/wp-content\/uploads\/2017\/06\/01-1-480x321.jpg 480w, https:\/\/photosmteroux.ch\/wp-content\/uploads\/2017\/06\/01-1-272x182.jpg 272w\" sizes=\"auto, (max-width: 4256px) 100vw, 4256px\" title=\"PFYN-FINGES \" alt=\"\" \t\tclass=\"so-widget-image\"\/>\n<\/a><\/div>\n\n<\/div><\/div><\/div><\/div><div id=\"pgc-4726-3-1\"  class=\"panel-grid-cell\" ><div id=\"panel-4726-3-1-0\" class=\"so-panel widget widget_sow-image panel-first-child panel-last-child\" data-index=\"5\" ><div style=\"text-align: left;\" data-title-color=\"#443f3f\" data-headings-color=\"#443f3f\" class=\"panel-widget-style panel-widget-style-for-4726-3-1-0\" ><div class=\"so-widget-sow-image so-widget-sow-image-default-d6014b76747a\">\n\t<h3 class=\"widget-title\">FONDATION DU PATOIS<\/h3>\n<div class=\"sow-image-container\">\n<a href=\"https:\/\/photosmteroux.ch\/?page_id=4331\" >\t<img loading=\"lazy\" decoding=\"async\" src=\"https:\/\/photosmteroux.ch\/wp-content\/uploads\/2017\/06\/MTEmessespatois100416-226.jpg\" width=\"7360\" height=\"4912\" srcset=\"https:\/\/photosmteroux.ch\/wp-content\/uploads\/2017\/06\/MTEmessespatois100416-226.jpg 7360w, https:\/\/photosmteroux.ch\/wp-content\/uploads\/2017\/06\/MTEmessespatois100416-226-300x200.jpg 300w, https:\/\/photosmteroux.ch\/wp-content\/uploads\/2017\/06\/MTEmessespatois100416-226-768x513.jpg 768w, https:\/\/photosmteroux.ch\/wp-content\/uploads\/2017\/06\/MTEmessespatois100416-226-1024x683.jpg 1024w, https:\/\/photosmteroux.ch\/wp-content\/uploads\/2017\/06\/MTEmessespatois100416-226-1080x721.jpg 1080w, https:\/\/photosmteroux.ch\/wp-content\/uploads\/2017\/06\/MTEmessespatois100416-226-830x554.jpg 830w, https:\/\/photosmteroux.ch\/wp-content\/uploads\/2017\/06\/MTEmessespatois100416-226-230x154.jpg 230w, https:\/\/photosmteroux.ch\/wp-content\/uploads\/2017\/06\/MTEmessespatois100416-226-350x234.jpg 350w, https:\/\/photosmteroux.ch\/wp-content\/uploads\/2017\/06\/MTEmessespatois100416-226-480x320.jpg 480w, https:\/\/photosmteroux.ch\/wp-content\/uploads\/2017\/06\/MTEmessespatois100416-226-272x182.jpg 272w\" sizes=\"auto, (max-width: 7360px) 100vw, 7360px\" title=\"FONDATION DU PATOIS\" alt=\"\" \t\tclass=\"so-widget-image\"\/>\n<\/a><\/div>\n\n<\/div><\/div><\/div><\/div><div id=\"pgc-4726-3-2\"  class=\"panel-grid-cell\" ><div id=\"panel-4726-3-2-0\" class=\"so-panel widget widget_sow-image panel-first-child panel-last-child\" data-index=\"6\" ><div style=\"text-align: left;\" data-title-color=\"#443f3f\" data-headings-color=\"#443f3f\" class=\"panel-widget-style panel-widget-style-for-4726-3-2-0\" ><div class=\"so-widget-sow-image so-widget-sow-image-default-d6014b76747a\">\n\t<h3 class=\"widget-title\">OPAL<\/h3>\n<div class=\"sow-image-container\">\n<a href=\"https:\/\/photosmteroux.ch\/?page_id=4837\" >\t<img loading=\"lazy\" decoding=\"async\" src=\"https:\/\/photosmteroux.ch\/wp-content\/uploads\/2017\/06\/MTandreasbaltchiehelico-441b.jpg\" width=\"7360\" height=\"4912\" srcset=\"https:\/\/photosmteroux.ch\/wp-content\/uploads\/2017\/06\/MTandreasbaltchiehelico-441b.jpg 7360w, https:\/\/photosmteroux.ch\/wp-content\/uploads\/2017\/06\/MTandreasbaltchiehelico-441b-300x200.jpg 300w, https:\/\/photosmteroux.ch\/wp-content\/uploads\/2017\/06\/MTandreasbaltchiehelico-441b-768x513.jpg 768w, https:\/\/photosmteroux.ch\/wp-content\/uploads\/2017\/06\/MTandreasbaltchiehelico-441b-1024x683.jpg 1024w, https:\/\/photosmteroux.ch\/wp-content\/uploads\/2017\/06\/MTandreasbaltchiehelico-441b-1080x721.jpg 1080w, https:\/\/photosmteroux.ch\/wp-content\/uploads\/2017\/06\/MTandreasbaltchiehelico-441b-830x554.jpg 830w, https:\/\/photosmteroux.ch\/wp-content\/uploads\/2017\/06\/MTandreasbaltchiehelico-441b-230x154.jpg 230w, https:\/\/photosmteroux.ch\/wp-content\/uploads\/2017\/06\/MTandreasbaltchiehelico-441b-350x234.jpg 350w, https:\/\/photosmteroux.ch\/wp-content\/uploads\/2017\/06\/MTandreasbaltchiehelico-441b-480x320.jpg 480w, https:\/\/photosmteroux.ch\/wp-content\/uploads\/2017\/06\/MTandreasbaltchiehelico-441b-272x182.jpg 272w\" sizes=\"auto, (max-width: 7360px) 100vw, 7360px\" title=\"OPAL\" alt=\"\" \t\tclass=\"so-widget-image\"\/>\n<\/a><\/div>\n\n<\/div><\/div><\/div><\/div><\/div><\/div><div id=\"pg-4726-4\"  class=\"panel-grid panel-has-style\" ><div style=\"padding: 100px 0; \" data-overlay=\"true\" data-overlay-color=\"#000000\" class=\"panel-row-style panel-row-style-for-4726-4\" ><div id=\"pgc-4726-4-0\"  class=\"panel-grid-cell\" ><div id=\"panel-4726-4-0-0\" class=\"so-panel widget widget_sow-image panel-first-child panel-last-child\" data-index=\"7\" ><div style=\"text-align: left;\" data-title-color=\"#443f3f\" data-headings-color=\"#443f3f\" class=\"panel-widget-style panel-widget-style-for-4726-4-0-0\" ><div class=\"so-widget-sow-image so-widget-sow-image-default-d6014b76747a\">\n\t<h3 class=\"widget-title\">NICOLLIER PISCINES<\/h3>\n<div class=\"sow-image-container\">\n<a href=\"https:\/\/photosmteroux.ch\/?page_id=4321\" >\t<img loading=\"lazy\" decoding=\"async\" src=\"https:\/\/photosmteroux.ch\/wp-content\/uploads\/2017\/06\/PISCINES-2.jpg\" width=\"7360\" height=\"4912\" srcset=\"https:\/\/photosmteroux.ch\/wp-content\/uploads\/2017\/06\/PISCINES-2.jpg 7360w, https:\/\/photosmteroux.ch\/wp-content\/uploads\/2017\/06\/PISCINES-2-300x200.jpg 300w, https:\/\/photosmteroux.ch\/wp-content\/uploads\/2017\/06\/PISCINES-2-768x513.jpg 768w, https:\/\/photosmteroux.ch\/wp-content\/uploads\/2017\/06\/PISCINES-2-1024x683.jpg 1024w, https:\/\/photosmteroux.ch\/wp-content\/uploads\/2017\/06\/PISCINES-2-1080x721.jpg 1080w, https:\/\/photosmteroux.ch\/wp-content\/uploads\/2017\/06\/PISCINES-2-830x554.jpg 830w, https:\/\/photosmteroux.ch\/wp-content\/uploads\/2017\/06\/PISCINES-2-230x154.jpg 230w, https:\/\/photosmteroux.ch\/wp-content\/uploads\/2017\/06\/PISCINES-2-350x234.jpg 350w, https:\/\/photosmteroux.ch\/wp-content\/uploads\/2017\/06\/PISCINES-2-480x320.jpg 480w, https:\/\/photosmteroux.ch\/wp-content\/uploads\/2017\/06\/PISCINES-2-272x182.jpg 272w\" sizes=\"auto, (max-width: 7360px) 100vw, 7360px\" title=\"NICOLLIER PISCINES\" alt=\"\" \t\tclass=\"so-widget-image\"\/>\n<\/a><\/div>\n\n<\/div><\/div><\/div><\/div><div id=\"pgc-4726-4-1\"  class=\"panel-grid-cell\" ><div id=\"panel-4726-4-1-0\" class=\"so-panel widget widget_sow-image panel-first-child panel-last-child\" data-index=\"8\" ><div style=\"text-align: left;\" data-title-color=\"#443f3f\" data-headings-color=\"#443f3f\" class=\"panel-widget-style panel-widget-style-for-4726-4-1-0\" ><div class=\"so-widget-sow-image so-widget-sow-image-default-d6014b76747a\">\n\t<h3 class=\"widget-title\">MUS\u00c9E DU VIN<\/h3>\n<div class=\"sow-image-container\">\n<a href=\"https:\/\/photosmteroux.ch\/?page_id=4595\" >\t<img loading=\"lazy\" decoding=\"async\" src=\"https:\/\/photosmteroux.ch\/wp-content\/uploads\/2017\/06\/GU\u00c9RITES-2.jpg\" width=\"4219\" height=\"2823\" srcset=\"https:\/\/photosmteroux.ch\/wp-content\/uploads\/2017\/06\/GU\u00c9RITES-2.jpg 4219w, https:\/\/photosmteroux.ch\/wp-content\/uploads\/2017\/06\/GU\u00c9RITES-2-300x201.jpg 300w, https:\/\/photosmteroux.ch\/wp-content\/uploads\/2017\/06\/GU\u00c9RITES-2-768x514.jpg 768w, https:\/\/photosmteroux.ch\/wp-content\/uploads\/2017\/06\/GU\u00c9RITES-2-1024x685.jpg 1024w, https:\/\/photosmteroux.ch\/wp-content\/uploads\/2017\/06\/GU\u00c9RITES-2-1080x723.jpg 1080w, https:\/\/photosmteroux.ch\/wp-content\/uploads\/2017\/06\/GU\u00c9RITES-2-830x555.jpg 830w, https:\/\/photosmteroux.ch\/wp-content\/uploads\/2017\/06\/GU\u00c9RITES-2-230x154.jpg 230w, https:\/\/photosmteroux.ch\/wp-content\/uploads\/2017\/06\/GU\u00c9RITES-2-350x234.jpg 350w, https:\/\/photosmteroux.ch\/wp-content\/uploads\/2017\/06\/GU\u00c9RITES-2-480x321.jpg 480w, https:\/\/photosmteroux.ch\/wp-content\/uploads\/2017\/06\/GU\u00c9RITES-2-272x182.jpg 272w\" sizes=\"auto, (max-width: 4219px) 100vw, 4219px\" title=\"MUS\u00c9E DU VIN\" alt=\"\" \t\tclass=\"so-widget-image\"\/>\n<\/a><\/div>\n\n<\/div><\/div><\/div><\/div><div id=\"pgc-4726-4-2\"  class=\"panel-grid-cell\" ><div id=\"panel-4726-4-2-0\" class=\"so-panel widget widget_sow-image panel-first-child panel-last-child\" data-index=\"9\" ><div style=\"text-align: left;\" data-title-color=\"#443f3f\" data-headings-color=\"#443f3f\" class=\"panel-widget-style panel-widget-style-for-4726-4-2-0\" ><div class=\"so-widget-sow-image so-widget-sow-image-default-bc4f5fbc2633\">\n\t<h3 class=\"widget-title\">R\u00c9SID. PR\u00c9 DU CH\u00caNE<\/h3>\n<div class=\"sow-image-container\">\n<a href=\"https:\/\/photosmteroux.ch\/?page_id=4574\" >\t<img loading=\"lazy\" decoding=\"async\" src=\"https:\/\/photosmteroux.ch\/wp-content\/uploads\/2017\/06\/EHOME210417-67-1.jpg\" width=\"7952\" height=\"5304\" srcset=\"https:\/\/photosmteroux.ch\/wp-content\/uploads\/2017\/06\/EHOME210417-67-1.jpg 7952w, https:\/\/photosmteroux.ch\/wp-content\/uploads\/2017\/06\/EHOME210417-67-1-300x200.jpg 300w, https:\/\/photosmteroux.ch\/wp-content\/uploads\/2017\/06\/EHOME210417-67-1-768x512.jpg 768w, https:\/\/photosmteroux.ch\/wp-content\/uploads\/2017\/06\/EHOME210417-67-1-1024x683.jpg 1024w, https:\/\/photosmteroux.ch\/wp-content\/uploads\/2017\/06\/EHOME210417-67-1-1080x720.jpg 1080w, https:\/\/photosmteroux.ch\/wp-content\/uploads\/2017\/06\/EHOME210417-67-1-830x554.jpg 830w, https:\/\/photosmteroux.ch\/wp-content\/uploads\/2017\/06\/EHOME210417-67-1-230x153.jpg 230w, https:\/\/photosmteroux.ch\/wp-content\/uploads\/2017\/06\/EHOME210417-67-1-350x233.jpg 350w, https:\/\/photosmteroux.ch\/wp-content\/uploads\/2017\/06\/EHOME210417-67-1-480x320.jpg 480w, https:\/\/photosmteroux.ch\/wp-content\/uploads\/2017\/06\/EHOME210417-67-1-272x182.jpg 272w\" sizes=\"auto, (max-width: 7952px) 100vw, 7952px\" title=\"R\u00c9SID. PR\u00c9 DU CH\u00caNE\" alt=\"\" \t\tclass=\"so-widget-image\"\/>\n<\/a><\/div>\n\n<\/div><\/div><\/div><\/div><\/div><\/div><div id=\"pg-4726-5\"  class=\"panel-grid panel-has-style\" ><div class=\"siteorigin-panels-stretch panel-row-style panel-row-style-for-4726-5\" style=\"padding: 10px 0; \" data-stretch-type=\"full\" data-overlay=\"true\" data-overlay-color=\"#000000\" ><div id=\"pgc-4726-5-0\"  class=\"panel-grid-cell\" ><div id=\"panel-4726-5-0-0\" class=\"so-panel widget widget_sow-editor panel-first-child panel-last-child\" data-index=\"10\" ><div style=\"text-align: left;\" data-title-color=\"#443f3f\" data-headings-color=\"#443f3f\" class=\"panel-widget-style panel-widget-style-for-4726-5-0-0\" ><div class=\"so-widget-sow-editor so-widget-sow-editor-base\">\n<div class=\"siteorigin-widget-tinymce textwidget\">\n\t<p style=\"text-align: right;\"><a href=\"https:\/\/photosmteroux.ch\/\">HOME<\/a><\/p>\n<\/div>\n<\/div><\/div><\/div><\/div><\/div><\/div><\/div>","protected":false},"excerpt":{"rendered":"<p>HOME<\/p>\n","protected":false},"author":1,"featured_media":0,"parent":0,"menu_order":0,"comment_status":"closed","ping_status":"closed","template":"page-templates\/page_fullwidth.php","meta":{"footnotes":""},"class_list":["post-4726","page","type-page","status-publish","hentry"],"_links":{"self":[{"href":"https:\/\/photosmteroux.ch\/index.php?rest_route=\/wp\/v2\/pages\/4726","targetHints":{"allow":["GET"]}}],"collection":[{"href":"https:\/\/photosmteroux.ch\/index.php?rest_route=\/wp\/v2\/pages"}],"about":[{"href":"https:\/\/photosmteroux.ch\/index.php?rest_route=\/wp\/v2\/types\/page"}],"author":[{"embeddable":true,"href":"https:\/\/photosmteroux.ch\/index.php?rest_route=\/wp\/v2\/users\/1"}],"replies":[{"embeddable":true,"href":"https:\/\/photosmteroux.ch\/index.php?rest_route=%2Fwp%2Fv2%2Fcomments&post=4726"}],"version-history":[{"count":76,"href":"https:\/\/photosmteroux.ch\/index.php?rest_route=\/wp\/v2\/pages\/4726\/revisions"}],"predecessor-version":[{"id":6745,"href":"https:\/\/photosmteroux.ch\/index.php?rest_route=\/wp\/v2\/pages\/4726\/revisions\/6745"}],"wp:attachment":[{"href":"https:\/\/photosmteroux.ch\/index.php?rest_route=%2Fwp%2Fv2%2Fmedia&parent=4726"}],"curies":[{"name":"wp","href":"https:\/\/api.w.org\/{rel}","templated":true}]}}