{"id":5248,"date":"2017-07-28T17:08:24","date_gmt":"2017-07-28T15:08:24","guid":{"rendered":"https:\/\/photosmteroux.ch\/?page_id=5248"},"modified":"2021-01-09T10:49:39","modified_gmt":"2021-01-09T09:49:39","slug":"projections-multimedias","status":"publish","type":"page","link":"https:\/\/photosmteroux.ch\/?page_id=5248","title":{"rendered":"CONF\u00c9RENCES"},"content":{"rendered":"<div id=\"pl-5248\"  class=\"panel-layout\" ><div id=\"pg-5248-0\"  class=\"panel-grid panel-has-style\" ><div class=\"siteorigin-panels-stretch panel-row-style panel-row-style-for-5248-0\" style=\"padding: 10px 0; \" data-stretch-type=\"full\" data-overlay=\"true\" data-overlay-color=\"#000000\" ><div id=\"pgc-5248-0-0\"  class=\"panel-grid-cell\" ><div id=\"panel-5248-0-0-0\" class=\"so-panel widget widget_sow-editor panel-first-child panel-last-child\" data-index=\"0\" ><div style=\"text-align: left;\" data-title-color=\"#443f3f\" data-headings-color=\"#443f3f\" class=\"panel-widget-style panel-widget-style-for-5248-0-0-0\" ><div class=\"so-widget-sow-editor so-widget-sow-editor-base\"><h3 class=\"widget-title\">PROJECTION MULTIM\u00c9DIA<\/h3>\n<div class=\"siteorigin-widget-tinymce textwidget\">\n\t<p><strong><span style=\"font-family: verdana, geneva, sans-serif; font-size: 14pt;\">LES PORTES DE CES CONTR\u00c9ES RECUL\u00c9ES VIENNENT DE S'OUVRIR<\/span><\/strong><\/p>\n<p class=\"journey-text\" style=\"text-align: justify;\"><span style=\"font-family: verdana, geneva, sans-serif; font-size: 14pt;\">Voyage ethnique aux confins orientaux de l'Inde, nous allons \u00e0 la rencontre des Nagas, des Adis et des farouches Konyaks, les derniers coupeurs de t\u00eates encore vivants.\u00a0<\/span><span style=\"font-family: verdana, geneva, sans-serif; font-size: 14pt;\">Loin de l'Inde classique, aux fronti\u00e8res de la Birmanie, du Tibet et du Bhoutan, nous traverserons les montagnes de l'Arunachal Pradesh \u00e0 la rencontre des ethnies qui y habitent. Le Brahmapoutre, fleuve mythique s'il en est, nous conduira sur les chemins difficiles du Nagaland. Puis nous d\u00e9couvrirons \u00a0les cueilleuses de th\u00e9 des plaines de l'Assam et nous terminerons notre exp\u00e9dition chez les terribles guerriers Konyaks, anciens coupeurs de t\u00eates opiomanes avec lesquels il vaut mieux fraterniser. \u00a0Photos, vid\u00e9os, musiques originales vous emm\u00e8neront dans un univers unique et palpitant o\u00f9 la vie se d\u00e9roule au rythme de la nature et o\u00f9 parfois l'on croise les fant\u00f4mes d'un pass\u00e9 houleux, chahut\u00e9 par d'innombrables guerres ethniques dont la m\u00e9moire peine \u00e0 s'effacer.<\/span><\/p>\n<p>&nbsp;<\/p>\n<p><span style=\"font-family: verdana, geneva, sans-serif; font-size: 18pt;\">RENDEZ-VOUS AVEC LES DERNIERS COUPEURS DE T\u00caTES <\/span><\/p>\n<p><span style=\"font-size: 14pt;\"><span style=\"font-family: verdana, geneva, sans-serif;\">ou\u00a0<\/span>A LA D\u00c9COUVERTE DE L'INDE SAUVAGE<\/span><\/p>\n<div id=\"kgvid_kgvid_0_wrapper\" class=\"kgvid_wrapper\">\n\t\t\t<div id=\"video_kgvid_0_div\" class=\"fitvidsignore kgvid_videodiv\" data-id=\"kgvid_0\" data-kgvid_video_vars=\"{&quot;id&quot;:&quot;kgvid_0&quot;,&quot;attachment_id&quot;:6679,&quot;player_type&quot;:&quot;Video.js&quot;,&quot;width&quot;:&quot;640&quot;,&quot;height&quot;:&quot;360&quot;,&quot;fullwidth&quot;:&quot;true&quot;,&quot;countable&quot;:true,&quot;count_views&quot;:&quot;start_complete&quot;,&quot;start&quot;:&quot;&quot;,&quot;autoplay&quot;:&quot;false&quot;,&quot;pauseothervideos&quot;:&quot;true&quot;,&quot;set_volume&quot;:1,&quot;mute&quot;:&quot;false&quot;,&quot;meta&quot;:true,&quot;endofvideooverlay&quot;:false,&quot;resize&quot;:&quot;true&quot;,&quot;auto_res&quot;:&quot;automatic&quot;,&quot;pixel_ratio&quot;:&quot;true&quot;,&quot;right_click&quot;:&quot;on&quot;,&quot;playback_rate&quot;:&quot;false&quot;,&quot;title&quot;:&quot;PUB PROJECTION L&#039;INDE SAUVAGE&quot;,&quot;nativecontrolsfortouch&quot;:&quot;false&quot;,&quot;locale&quot;:&quot;fr&quot;,&quot;enable_resolutions_plugin&quot;:false}\" itemprop=\"video\" itemscope itemtype=\"https:\/\/schema.org\/VideoObject\"><meta itemprop=\"thumbnailUrl\" content=\"https:\/\/photosmteroux.ch\/wp-content\/uploads\/2020\/01\/MTinde24251116-266-scaled.jpg\" \/><meta itemprop=\"embedUrl\" content=\"https:\/\/photosmteroux.ch\/?attachment_id=6679&amp;kgvid_video_embed[enable]=true\" \/><meta itemprop=\"contentUrl\" content=\"https:\/\/photosmteroux.ch\/wp-content\/uploads\/2020\/02\/PUB-PROJECTION-LINDE-SAUVAGE.mp4\" \/><meta itemprop=\"name\" content=\"PUB PROJECTION L&#039;INDE SAUVAGE\" \/><meta itemprop=\"description\" content=\"Vid\u00e9o\" \/><meta itemprop=\"uploadDate\" content=\"2020-02-14T08:57:39+01:00\" \/>\n\t\t\t\t<video id=\"video_kgvid_0\" playsinline controls preload=\"metadata\" poster=\"https:\/\/photosmteroux.ch\/wp-content\/uploads\/2020\/01\/MTinde24251116-266-scaled.jpg\" width=\"640\" height=\"360\" class=\"fitvidsignore video-js kg-video-js-skin\">\n\t\t\t\t\t<source src=\"https:\/\/photosmteroux.ch\/wp-content\/uploads\/2020\/02\/PUB-PROJECTION-LINDE-SAUVAGE.mp4?id=0\" type=\"video\/mp4\" data-res=\"720p\">\n\t\t\t\t<\/video>\n\t\t\t<\/div>\n\t\t\t<div style=\"display:none;\" id=\"video_kgvid_0_meta\" class=\"kgvid_video_meta kgvid_video_meta_hover \">\n\t\t\t\t<span class='kgvid_meta_icons'><\/span>\n\t\t\t\t<span id='video_kgvid_0_title' class='kgvid_title'>PUB PROJECTION L'INDE SAUVAGE<\/span>\n<\/div>\n\t\t<\/div>\n<\/div>\n<\/div><\/div><\/div><\/div><\/div><\/div><div id=\"pg-5248-1\"  class=\"panel-grid panel-has-style\" ><div class=\"siteorigin-panels-stretch panel-row-style panel-row-style-for-5248-1\" style=\"padding: 10px 0; \" data-stretch-type=\"full\" data-overlay=\"true\" data-overlay-color=\"#000000\" ><div id=\"pgc-5248-1-0\"  class=\"panel-grid-cell panel-grid-cell-empty\" ><\/div><\/div><\/div><div id=\"pg-5248-2\"  class=\"panel-grid panel-has-style\" ><div style=\"padding: 20px 0; \" data-overlay=\"true\" data-overlay-color=\"#000000\" class=\"panel-row-style panel-row-style-for-5248-2\" ><div id=\"pgc-5248-2-0\"  class=\"panel-grid-cell\" ><div id=\"panel-5248-2-0-0\" class=\"so-panel widget widget_sow-editor panel-first-child panel-last-child\" data-index=\"1\" ><div style=\"text-align: left;\" data-title-color=\"#443f3f\" data-headings-color=\"#443f3f\" class=\"panel-widget-style panel-widget-style-for-5248-2-0-0\" ><div class=\"so-widget-sow-editor so-widget-sow-editor-base\"><h3 class=\"widget-title\">PROJECTION MULTIM\u00c9DIA<\/h3>\n<div class=\"siteorigin-widget-tinymce textwidget\">\n\t<p><strong><span style=\"color: #000000; font-size: 14pt; font-family: verdana, geneva, sans-serif;\">AVANT \"RENDEZ-VOUS EN TERRE INCONNUE\", NOUS AVIONS RENCONTR\u00c9 CES MAGNIFIQUES ETHNIES...<\/span><\/strong><\/p>\n<p style=\"text-align: justify;\"><span style=\"font-family: verdana, geneva, sans-serif; font-size: 14pt; color: #000000;\">Nous vous proposons une projection multim\u00e9dia m\u00ealant photographies et vid\u00e9os agr\u00e9ment\u00e9es de musiques originales et envo\u00fbtantes. Un nombreux public de tous \u00e2ges en a d\u00e9j\u00e0 profit\u00e9 et en est sorti enchant\u00e9. Que ce soit lors de matin\u00e9es, d'apr\u00e8s-midi ou de soir\u00e9es, les moments pass\u00e9s en notre compagnie et surtout en compagnie de nos personnages \u00e9voluant dans des paysages grandioses combleront votre soif de d\u00e9couvertes. Bas\u00e9e sur notre livre PEUPLES M\u00c9CONNUS DE CHINE, la projection en est le prolongement naturel car elle comporte de nombreuses photos in\u00e9dites ainsi que des vid\u00e9os captivantes que le support papier ne permet pas de montrer.<\/span><\/p>\n<p><span style=\"font-family: verdana, geneva, sans-serif; font-size: 18pt; color: #000000;\">SUR LES TRACES DES MINORIT\u00c9S DE CHINE ET DU VIETNAM<\/span><\/p>\n<div id=\"kgvid_kgvid_1_wrapper\" class=\"kgvid_wrapper\">\n\t\t\t<div id=\"video_kgvid_1_div\" class=\"fitvidsignore kgvid_videodiv\" data-id=\"kgvid_1\" data-kgvid_video_vars=\"{&quot;id&quot;:&quot;kgvid_1&quot;,&quot;attachment_id&quot;:5487,&quot;player_type&quot;:&quot;Video.js&quot;,&quot;width&quot;:&quot;640&quot;,&quot;height&quot;:&quot;360&quot;,&quot;fullwidth&quot;:&quot;true&quot;,&quot;countable&quot;:true,&quot;count_views&quot;:&quot;start_complete&quot;,&quot;start&quot;:&quot;&quot;,&quot;autoplay&quot;:&quot;false&quot;,&quot;pauseothervideos&quot;:&quot;true&quot;,&quot;set_volume&quot;:1,&quot;mute&quot;:&quot;false&quot;,&quot;meta&quot;:true,&quot;endofvideooverlay&quot;:false,&quot;resize&quot;:&quot;true&quot;,&quot;auto_res&quot;:&quot;automatic&quot;,&quot;pixel_ratio&quot;:&quot;true&quot;,&quot;right_click&quot;:&quot;on&quot;,&quot;playback_rate&quot;:&quot;false&quot;,&quot;title&quot;:&quot;Clip Minorit\\u00e9s site 2017&quot;,&quot;nativecontrolsfortouch&quot;:&quot;false&quot;,&quot;locale&quot;:&quot;fr&quot;,&quot;enable_resolutions_plugin&quot;:false}\" itemprop=\"video\" itemscope itemtype=\"https:\/\/schema.org\/VideoObject\"><meta itemprop=\"thumbnailUrl\" content=\"https:\/\/photosmteroux.ch\/wp-content\/uploads\/2017\/08\/Clip-Minorit\u00e9s-site-2017_thumb78.jpg\" \/><meta itemprop=\"embedUrl\" content=\"https:\/\/photosmteroux.ch\/?attachment_id=5487&amp;kgvid_video_embed[enable]=true\" \/><meta itemprop=\"contentUrl\" content=\"https:\/\/photosmteroux.ch\/wp-content\/uploads\/2017\/07\/Clip-Minorit\u00e9s-site-2017.mov\" \/><meta itemprop=\"name\" content=\"Clip Minorit\u00e9s site 2017\" \/><meta itemprop=\"description\" content=\"Vid\u00e9o\" \/><meta itemprop=\"uploadDate\" content=\"2017-08-08T16:48:37+02:00\" \/>\n\t\t\t\t<video id=\"video_kgvid_1\" playsinline controls preload=\"metadata\" poster=\"https:\/\/photosmteroux.ch\/wp-content\/uploads\/2017\/08\/Clip-Minorit\u00e9s-site-2017_thumb78.jpg\" width=\"640\" height=\"360\" class=\"fitvidsignore video-js kg-video-js-skin\">\n\t\t\t\t\t<source src=\"https:\/\/photosmteroux.ch\/wp-content\/uploads\/2017\/07\/Clip-Minorit\u00e9s-site-2017.mov?id=1\" type=\"video\/mp4\" data-res=\"720p\">\n\t\t\t\t<\/video>\n\t\t\t<\/div>\n\t\t\t<div style=\"display:none;\" id=\"video_kgvid_1_meta\" class=\"kgvid_video_meta kgvid_video_meta_hover \">\n\t\t\t\t<span class='kgvid_meta_icons'><\/span>\n\t\t\t\t<span id='video_kgvid_1_title' class='kgvid_title'>Clip Minorit\u00e9s site 2017<\/span>\n<\/div>\n\t\t<\/div>\n<p><span style=\"font-family: verdana, geneva, sans-serif; font-size: 14pt; color: #000000;\">ASPECTS PRATIQUES<\/span><\/p>\n<p style=\"text-align: justify;\"><span style=\"font-family: verdana, geneva, sans-serif; font-size: 14pt; color: #000000;\">Notre projection dure un peu plus d'une heure \u00e0 laquelle il faut ajouter entre 15 et 30 minutes de questions-r\u00e9ponses et de discussions. Nous nous d\u00e9pla\u00e7ons avec tout notre mat\u00e9riel, un \u00e9cran blanc nous suffit. Notre projection convient parfaitement \u00a0au domaine scolaire, pour des enfants de 10 \u00e0 16 ans, mais cela est extensible. Nos tarifs peuvent \u00eatre obtenus sur demande <a href=\"https:\/\/photosmteroux.ch\/?page_id=2048\">ici<\/a>,\u00a0ils sont adapt\u00e9s \u00e0 chaque situation. N'h\u00e9sitez pas \u00e0 nous contacter, nous r\u00e9pondons \u00e0 chaque demande.<\/span><\/p>\n<\/div>\n<\/div><\/div><\/div><\/div><\/div><\/div><\/div>","protected":false},"excerpt":{"rendered":"<p>LES PORTES DE CES CONTR\u00c9ES RECUL\u00c9ES VIENNENT DE S&#8217;OUVRIR Voyage ethnique aux confins orientaux de l&#8217;Inde, nous allons \u00e0 la rencontre des [&hellip;]<\/p>\n","protected":false},"author":1,"featured_media":0,"parent":0,"menu_order":0,"comment_status":"closed","ping_status":"closed","template":"page-templates\/page_fullwidth.php","meta":{"footnotes":""},"class_list":["post-5248","page","type-page","status-publish","hentry"],"_links":{"self":[{"href":"https:\/\/photosmteroux.ch\/index.php?rest_route=\/wp\/v2\/pages\/5248","targetHints":{"allow":["GET"]}}],"collection":[{"href":"https:\/\/photosmteroux.ch\/index.php?rest_route=\/wp\/v2\/pages"}],"about":[{"href":"https:\/\/photosmteroux.ch\/index.php?rest_route=\/wp\/v2\/types\/page"}],"author":[{"embeddable":true,"href":"https:\/\/photosmteroux.ch\/index.php?rest_route=\/wp\/v2\/users\/1"}],"replies":[{"embeddable":true,"href":"https:\/\/photosmteroux.ch\/index.php?rest_route=%2Fwp%2Fv2%2Fcomments&post=5248"}],"version-history":[{"count":49,"href":"https:\/\/photosmteroux.ch\/index.php?rest_route=\/wp\/v2\/pages\/5248\/revisions"}],"predecessor-version":[{"id":6807,"href":"https:\/\/photosmteroux.ch\/index.php?rest_route=\/wp\/v2\/pages\/5248\/revisions\/6807"}],"wp:attachment":[{"href":"https:\/\/photosmteroux.ch\/index.php?rest_route=%2Fwp%2Fv2%2Fmedia&parent=5248"}],"curies":[{"name":"wp","href":"https:\/\/api.w.org\/{rel}","templated":true}]}}