{"id":5270,"date":"2017-07-29T16:51:29","date_gmt":"2017-07-29T14:51:29","guid":{"rendered":"https:\/\/photosmteroux.ch\/?page_id=5270"},"modified":"2017-08-06T13:37:36","modified_gmt":"2017-08-06T11:37:36","slug":"atelier","status":"publish","type":"page","link":"https:\/\/photosmteroux.ch\/?page_id=5270","title":{"rendered":"ATELIER"},"content":{"rendered":"<div id=\"pl-5270\"  class=\"panel-layout\" ><div id=\"pg-5270-0\"  class=\"panel-grid panel-has-style\" ><div style=\"padding: 100px 0; \" data-overlay=\"true\" class=\"panel-row-style panel-row-style-for-5270-0\" ><div id=\"pgc-5270-0-0\"  class=\"panel-grid-cell\" ><div id=\"panel-5270-0-0-0\" class=\"so-panel widget widget_sow-editor panel-first-child panel-last-child\" data-index=\"0\" ><div style=\"text-align: left;\" data-title-color=\"#443f3f\" data-headings-color=\"#443f3f\" class=\"panel-widget-style panel-widget-style-for-5270-0-0-0\" ><div class=\"so-widget-sow-editor so-widget-sow-editor-base\"><h3 class=\"widget-title\">ENVIE DE CHANGEMENT ?<\/h3>\n<div class=\"siteorigin-widget-tinymce textwidget\">\n\t<p><span style=\"font-size: 24pt; color: #000000;\"><strong><span style=\"font-family: verdana, geneva, sans-serif;\">Tirages<\/span><\/strong><\/span><\/p>\n<p><span style=\"font-size: 14pt; color: #000000;\"><strong><span style=\"font-family: verdana, geneva, sans-serif;\">Toutes les photos des galeries et bien d'autres encore peuvent \u00eatre obtenues en tirage papier pur coton qualit\u00e9 mus\u00e9e<\/span><\/strong><\/span><\/p>\n<p><span style=\"font-family: verdana, geneva, sans-serif; font-size: 14pt; color: #000000;\">1. A4 - 21 X 30 cm tirage original sur papier Hahnem\u00fchle Photo Rag pur coton, 300gsm 70.- Frs<\/span><\/p>\n<p><span style=\"font-family: verdana, geneva, sans-serif; font-size: 14pt; color: #000000;\">2. A3 - 30 X 42 cm tirage original sur papier Hahnem\u00fchle Photo Rag pur coton, 300gsm 110.- Frs<\/span><\/p>\n<p><span style=\"font-family: verdana, geneva, sans-serif; font-size: 14pt; color: #000000;\">3. A2 - 42 X 60 cm tirage original sur papier Hahnem\u00fchle Photo Rag pur coton, 300gsm 180.- Frs<\/span><\/p>\n<p><span style=\"font-family: verdana, geneva, sans-serif; font-size: 14pt; color: #000000;\">4. A1 - 59.4 X 84.1 cm tirage original sur papier mat 300gsm 230.- Frs<\/span><\/p>\n<p><span style=\"font-family: verdana, geneva, sans-serif; font-size: 14pt; color: #000000;\">5. A0 - 84.1 X 118.9 cm tirage original sur papier mat 300gsm 280.- Frs<\/span><\/p>\n<p><span style=\"font-size: 14pt; color: #000000;\"><strong><span style=\"font-family: verdana, geneva, sans-serif;\">Toutes les photos des galeries et bien d'autres encore peuvent \u00eatre obtenues en grand format alu<\/span><\/strong><\/span><\/p>\n<p><span style=\"font-family: verdana, geneva, sans-serif; font-size: 14pt; color: #000000;\">1. (par ex.) 74 X 100 cm tirage original sur plaque d'alu 350.- FRS<\/span><\/p>\n<p><span style=\"font-family: verdana, geneva, sans-serif; font-size: 14pt; color: #000000;\"><strong>Toutes les photos des galeries et bien d'autres encore\u00a0peuvent \u00eatre obtenues en grand format , mont\u00e9es sur divers supports au choix <\/strong><\/span><\/p>\n<p><span style=\"color: #000000;\"><span style=\"font-family: verdana, geneva, sans-serif; font-size: 14pt;\">1.<strong>\u00a0<\/strong><\/span><span style=\"font-family: verdana, geneva, sans-serif; font-size: 14pt;\">Prix \u00e0 d\u00e9terminer en fonction du support<\/span><\/span><\/p>\n<p><span style=\"font-family: verdana, geneva, sans-serif; font-size: 14pt; color: #000000;\"><strong>Toutes les photos des galeries et bien d'autres encore\u00a0peuvent \u00eatre obtenues en grand format , mont\u00e9es selon le proc\u00e9d\u00e9 de plastification exclusif Ted Support avec accroche alu<\/strong><\/span><\/p>\n<p><span style=\"font-family: verdana, geneva, sans-serif; font-size: 14pt; color: #000000;\">1. Format A2, \u00a0350.- Frs<\/span><\/p>\n<p><span style=\"font-family: verdana, geneva, sans-serif; font-size: 14pt; color: #000000;\">2. Format A1, \u00a0600.- Frs<\/span><\/p>\n<p><span style=\"font-family: verdana, geneva, sans-serif; font-size: 14pt; color: #000000;\">3. Format A0, \u00a0750.- Frs<\/span><\/p>\n<p><span style=\"font-family: verdana, geneva, sans-serif; font-size: 14pt; color: #000000;\">Le prix des envois n'est pas inclus.<\/span><br \/><span style=\"font-family: verdana, geneva, sans-serif; font-size: 14pt; color: #000000;\">Il est possible de venir chercher les oeuvres au domicile des auteurs.<\/span><\/p>\n<p><span style=\"font-family: verdana, geneva, sans-serif; font-size: 14pt; color: #000000;\">Pour toute commande, veuillez contacter les auteurs par <a href=\"https:\/\/photosmteroux.ch\/?page_id=2048\">mail<\/a>.<\/span><\/p>\n<div id='gallery-1' class='gallery galleryid-5270 gallery-columns-4 gallery-size-medium'><figure class='gallery-item'>\n\t\t\t<div class='gallery-icon landscape'>\n\t\t\t\t<img loading=\"lazy\" decoding=\"async\" width=\"300\" height=\"200\" src=\"https:\/\/photosmteroux.ch\/wp-content\/uploads\/2017\/07\/atelier-2-300x200.jpg\" class=\"attachment-medium size-medium\" alt=\"\" srcset=\"https:\/\/photosmteroux.ch\/wp-content\/uploads\/2017\/07\/atelier-2-300x200.jpg 300w, https:\/\/photosmteroux.ch\/wp-content\/uploads\/2017\/07\/atelier-2-768x512.jpg 768w, https:\/\/photosmteroux.ch\/wp-content\/uploads\/2017\/07\/atelier-2-1024x683.jpg 1024w, https:\/\/photosmteroux.ch\/wp-content\/uploads\/2017\/07\/atelier-2-1080x720.jpg 1080w, https:\/\/photosmteroux.ch\/wp-content\/uploads\/2017\/07\/atelier-2-830x554.jpg 830w, https:\/\/photosmteroux.ch\/wp-content\/uploads\/2017\/07\/atelier-2-230x153.jpg 230w, https:\/\/photosmteroux.ch\/wp-content\/uploads\/2017\/07\/atelier-2-350x233.jpg 350w, https:\/\/photosmteroux.ch\/wp-content\/uploads\/2017\/07\/atelier-2-480x320.jpg 480w, https:\/\/photosmteroux.ch\/wp-content\/uploads\/2017\/07\/atelier-2-272x182.jpg 272w\" sizes=\"auto, (max-width: 300px) 100vw, 300px\" \/>\n\t\t\t<\/div><\/figure><figure class='gallery-item'>\n\t\t\t<div class='gallery-icon landscape'>\n\t\t\t\t<img loading=\"lazy\" decoding=\"async\" width=\"300\" height=\"200\" src=\"https:\/\/photosmteroux.ch\/wp-content\/uploads\/2017\/07\/atelier-3-300x200.jpg\" class=\"attachment-medium size-medium\" alt=\"\" srcset=\"https:\/\/photosmteroux.ch\/wp-content\/uploads\/2017\/07\/atelier-3-300x200.jpg 300w, https:\/\/photosmteroux.ch\/wp-content\/uploads\/2017\/07\/atelier-3-768x512.jpg 768w, https:\/\/photosmteroux.ch\/wp-content\/uploads\/2017\/07\/atelier-3-1024x683.jpg 1024w, https:\/\/photosmteroux.ch\/wp-content\/uploads\/2017\/07\/atelier-3-1080x720.jpg 1080w, https:\/\/photosmteroux.ch\/wp-content\/uploads\/2017\/07\/atelier-3-830x554.jpg 830w, https:\/\/photosmteroux.ch\/wp-content\/uploads\/2017\/07\/atelier-3-230x153.jpg 230w, https:\/\/photosmteroux.ch\/wp-content\/uploads\/2017\/07\/atelier-3-350x233.jpg 350w, https:\/\/photosmteroux.ch\/wp-content\/uploads\/2017\/07\/atelier-3-480x320.jpg 480w, https:\/\/photosmteroux.ch\/wp-content\/uploads\/2017\/07\/atelier-3-272x182.jpg 272w\" sizes=\"auto, (max-width: 300px) 100vw, 300px\" \/>\n\t\t\t<\/div><\/figure><figure class='gallery-item'>\n\t\t\t<div class='gallery-icon landscape'>\n\t\t\t\t<img loading=\"lazy\" decoding=\"async\" width=\"300\" height=\"200\" src=\"https:\/\/photosmteroux.ch\/wp-content\/uploads\/2017\/07\/atelier-4-300x200.jpg\" class=\"attachment-medium size-medium\" alt=\"\" srcset=\"https:\/\/photosmteroux.ch\/wp-content\/uploads\/2017\/07\/atelier-4-300x200.jpg 300w, https:\/\/photosmteroux.ch\/wp-content\/uploads\/2017\/07\/atelier-4-768x512.jpg 768w, https:\/\/photosmteroux.ch\/wp-content\/uploads\/2017\/07\/atelier-4-1024x683.jpg 1024w, https:\/\/photosmteroux.ch\/wp-content\/uploads\/2017\/07\/atelier-4-1080x720.jpg 1080w, https:\/\/photosmteroux.ch\/wp-content\/uploads\/2017\/07\/atelier-4-830x554.jpg 830w, https:\/\/photosmteroux.ch\/wp-content\/uploads\/2017\/07\/atelier-4-230x153.jpg 230w, https:\/\/photosmteroux.ch\/wp-content\/uploads\/2017\/07\/atelier-4-350x233.jpg 350w, https:\/\/photosmteroux.ch\/wp-content\/uploads\/2017\/07\/atelier-4-480x320.jpg 480w, https:\/\/photosmteroux.ch\/wp-content\/uploads\/2017\/07\/atelier-4-272x182.jpg 272w\" sizes=\"auto, (max-width: 300px) 100vw, 300px\" \/>\n\t\t\t<\/div><\/figure>\n\t\t<\/div>\n\n<\/div>\n<\/div><\/div><\/div><\/div><\/div><\/div><\/div>","protected":false},"excerpt":{"rendered":"<p>Tirages Toutes les photos des galeries et bien d&#8217;autres encore peuvent \u00eatre obtenues en tirage papier pur coton qualit\u00e9 mus\u00e9e 1. A4 [&hellip;]<\/p>\n","protected":false},"author":1,"featured_media":0,"parent":0,"menu_order":0,"comment_status":"closed","ping_status":"closed","template":"page-templates\/page_fullwidth.php","meta":{"footnotes":""},"class_list":["post-5270","page","type-page","status-publish","hentry"],"_links":{"self":[{"href":"https:\/\/photosmteroux.ch\/index.php?rest_route=\/wp\/v2\/pages\/5270","targetHints":{"allow":["GET"]}}],"collection":[{"href":"https:\/\/photosmteroux.ch\/index.php?rest_route=\/wp\/v2\/pages"}],"about":[{"href":"https:\/\/photosmteroux.ch\/index.php?rest_route=\/wp\/v2\/types\/page"}],"author":[{"embeddable":true,"href":"https:\/\/photosmteroux.ch\/index.php?rest_route=\/wp\/v2\/users\/1"}],"replies":[{"embeddable":true,"href":"https:\/\/photosmteroux.ch\/index.php?rest_route=%2Fwp%2Fv2%2Fcomments&post=5270"}],"version-history":[{"count":12,"href":"https:\/\/photosmteroux.ch\/index.php?rest_route=\/wp\/v2\/pages\/5270\/revisions"}],"predecessor-version":[{"id":5409,"href":"https:\/\/photosmteroux.ch\/index.php?rest_route=\/wp\/v2\/pages\/5270\/revisions\/5409"}],"wp:attachment":[{"href":"https:\/\/photosmteroux.ch\/index.php?rest_route=%2Fwp%2Fv2%2Fmedia&parent=5270"}],"curies":[{"name":"wp","href":"https:\/\/api.w.org\/{rel}","templated":true}]}}