{"id":5369,"date":"2017-08-05T15:41:09","date_gmt":"2017-08-05T13:41:09","guid":{"rendered":"https:\/\/photosmteroux.ch\/?page_id=5369"},"modified":"2020-08-25T08:35:16","modified_gmt":"2020-08-25T06:35:16","slug":"projets","status":"publish","type":"page","link":"https:\/\/photosmteroux.ch\/?page_id=5369","title":{"rendered":"NOTRE DERNIER LIVRE SUR LE VALAIS A TOUT POUR PLAIRE"},"content":{"rendered":"<div id=\"pl-5369\"  class=\"panel-layout\" ><div id=\"pg-5369-0\"  class=\"panel-grid panel-has-style\" ><div class=\"siteorigin-panels-stretch panel-row-style panel-row-style-for-5369-0\" style=\"padding: 10px 0; \" data-stretch-type=\"full\" data-overlay=\"true\" data-overlay-color=\"#000000\" ><div id=\"pgc-5369-0-0\"  class=\"panel-grid-cell\" ><div id=\"panel-5369-0-0-0\" class=\"so-panel widget widget_sow-editor panel-first-child panel-last-child\" data-index=\"0\" ><div style=\"text-align: left;\" data-title-color=\"#443f3f\" data-headings-color=\"#443f3f\" class=\"panel-widget-style panel-widget-style-for-5369-0-0-0\" ><div class=\"so-widget-sow-editor so-widget-sow-editor-base\">\n<div class=\"siteorigin-widget-tinymce textwidget\">\n\t<p style=\"text-align: right;\"><a href=\"https:\/\/photosmteroux.ch\/\">HOME<\/a><\/p>\n<\/div>\n<\/div><\/div><\/div><\/div><\/div><\/div><div id=\"pg-5369-1\"  class=\"panel-grid panel-has-style\" ><div class=\"siteorigin-panels-stretch panel-row-style panel-row-style-for-5369-1\" style=\"padding: 5px 0; \" data-stretch-type=\"full-stretched\" data-overlay=\"true\" data-overlay-color=\"#000000\" ><div id=\"pgc-5369-1-0\"  class=\"panel-grid-cell\" ><div id=\"panel-5369-1-0-0\" class=\"so-panel widget widget_sow-editor panel-first-child panel-last-child\" data-index=\"1\" ><div style=\"text-align: left;\" data-title-color=\"#443f3f\" data-headings-color=\"#443f3f\" class=\"panel-widget-style panel-widget-style-for-5369-1-0-0\" ><div class=\"so-widget-sow-editor so-widget-sow-editor-base\">\n<div class=\"siteorigin-widget-tinymce textwidget\">\n\t<p><img loading=\"lazy\" decoding=\"async\" class=\"aligncenter wp-image-6022 size-full\" src=\"https:\/\/photosmteroux.ch\/wp-content\/uploads\/2018\/07\/VS_VIsages_Decouverts_11.7.18-gliss\u00e9es.jpg\" alt=\"\" width=\"1753\" height=\"1240\" srcset=\"https:\/\/photosmteroux.ch\/wp-content\/uploads\/2018\/07\/VS_VIsages_Decouverts_11.7.18-gliss\u00e9es.jpg 1753w, https:\/\/photosmteroux.ch\/wp-content\/uploads\/2018\/07\/VS_VIsages_Decouverts_11.7.18-gliss\u00e9es-300x212.jpg 300w, https:\/\/photosmteroux.ch\/wp-content\/uploads\/2018\/07\/VS_VIsages_Decouverts_11.7.18-gliss\u00e9es-768x543.jpg 768w, https:\/\/photosmteroux.ch\/wp-content\/uploads\/2018\/07\/VS_VIsages_Decouverts_11.7.18-gliss\u00e9es-1024x724.jpg 1024w, https:\/\/photosmteroux.ch\/wp-content\/uploads\/2018\/07\/VS_VIsages_Decouverts_11.7.18-gliss\u00e9es-400x284.jpg 400w, https:\/\/photosmteroux.ch\/wp-content\/uploads\/2018\/07\/VS_VIsages_Decouverts_11.7.18-gliss\u00e9es-1080x764.jpg 1080w, https:\/\/photosmteroux.ch\/wp-content\/uploads\/2018\/07\/VS_VIsages_Decouverts_11.7.18-gliss\u00e9es-830x587.jpg 830w, https:\/\/photosmteroux.ch\/wp-content\/uploads\/2018\/07\/VS_VIsages_Decouverts_11.7.18-gliss\u00e9es-230x163.jpg 230w, https:\/\/photosmteroux.ch\/wp-content\/uploads\/2018\/07\/VS_VIsages_Decouverts_11.7.18-gliss\u00e9es-350x248.jpg 350w, https:\/\/photosmteroux.ch\/wp-content\/uploads\/2018\/07\/VS_VIsages_Decouverts_11.7.18-gliss\u00e9es-480x340.jpg 480w\" sizes=\"auto, (max-width: 1753px) 100vw, 1753px\" \/><\/p>\n<\/div>\n<\/div><\/div><\/div><\/div><div id=\"pgc-5369-1-1\"  class=\"panel-grid-cell\" ><div id=\"panel-5369-1-1-0\" class=\"so-panel widget widget_sow-editor panel-first-child panel-last-child\" data-index=\"2\" ><div style=\"text-align: left;\" data-title-color=\"#443f3f\" data-headings-color=\"#443f3f\" class=\"panel-widget-style panel-widget-style-for-5369-1-1-0\" ><div class=\"so-widget-sow-editor so-widget-sow-editor-base\">\n<div class=\"siteorigin-widget-tinymce textwidget\">\n\t<p><img loading=\"lazy\" decoding=\"async\" class=\"aligncenter size-full wp-image-6023\" src=\"https:\/\/photosmteroux.ch\/wp-content\/uploads\/2018\/07\/VS_VIsages_Decouverts_11.7.18-gliss\u00e9es-2.jpg\" alt=\"\" width=\"1753\" height=\"1240\" srcset=\"https:\/\/photosmteroux.ch\/wp-content\/uploads\/2018\/07\/VS_VIsages_Decouverts_11.7.18-gliss\u00e9es-2.jpg 1753w, https:\/\/photosmteroux.ch\/wp-content\/uploads\/2018\/07\/VS_VIsages_Decouverts_11.7.18-gliss\u00e9es-2-300x212.jpg 300w, https:\/\/photosmteroux.ch\/wp-content\/uploads\/2018\/07\/VS_VIsages_Decouverts_11.7.18-gliss\u00e9es-2-768x543.jpg 768w, https:\/\/photosmteroux.ch\/wp-content\/uploads\/2018\/07\/VS_VIsages_Decouverts_11.7.18-gliss\u00e9es-2-1024x724.jpg 1024w, https:\/\/photosmteroux.ch\/wp-content\/uploads\/2018\/07\/VS_VIsages_Decouverts_11.7.18-gliss\u00e9es-2-400x284.jpg 400w, https:\/\/photosmteroux.ch\/wp-content\/uploads\/2018\/07\/VS_VIsages_Decouverts_11.7.18-gliss\u00e9es-2-1080x764.jpg 1080w, https:\/\/photosmteroux.ch\/wp-content\/uploads\/2018\/07\/VS_VIsages_Decouverts_11.7.18-gliss\u00e9es-2-830x587.jpg 830w, https:\/\/photosmteroux.ch\/wp-content\/uploads\/2018\/07\/VS_VIsages_Decouverts_11.7.18-gliss\u00e9es-2-230x163.jpg 230w, https:\/\/photosmteroux.ch\/wp-content\/uploads\/2018\/07\/VS_VIsages_Decouverts_11.7.18-gliss\u00e9es-2-350x248.jpg 350w, https:\/\/photosmteroux.ch\/wp-content\/uploads\/2018\/07\/VS_VIsages_Decouverts_11.7.18-gliss\u00e9es-2-480x340.jpg 480w\" sizes=\"auto, (max-width: 1753px) 100vw, 1753px\" \/><\/p>\n<\/div>\n<\/div><\/div><\/div><\/div><\/div><\/div><div id=\"pg-5369-2\"  class=\"panel-grid panel-has-style\" ><div class=\"siteorigin-panels-stretch panel-row-style panel-row-style-for-5369-2\" style=\"padding: 10px 0; \" data-stretch-type=\"full-stretched\" data-overlay=\"true\" data-overlay-color=\"#000000\" ><div id=\"pgc-5369-2-0\"  class=\"panel-grid-cell\" ><div id=\"panel-5369-2-0-0\" class=\"so-panel widget widget_sow-editor panel-first-child panel-last-child\" data-index=\"3\" ><div style=\"text-align: left;\" data-title-color=\"#443f3f\" data-headings-color=\"#443f3f\" class=\"panel-widget-style panel-widget-style-for-5369-2-0-0\" ><div class=\"so-widget-sow-editor so-widget-sow-editor-base\">\n<div class=\"siteorigin-widget-tinymce textwidget\">\n\t<div id=\"metaslider-id-5377\" style=\"width: 100%; margin: 0 auto;\" class=\"ml-slider-3-19-1 metaslider metaslider-flex metaslider-5377 ml-slider\">\n    <div id=\"metaslider_container_5377\">\n        <div id=\"metaslider_5377\">\n            <ul aria-live=\"polite\" class=\"slides\">\n                <li style=\"display: block; width: 100%;\" class=\"slide-5383 ms-image\"><img loading=\"lazy\" decoding=\"async\" width=\"4915\" height=\"1665\" src=\"https:\/\/photosmteroux.ch\/wp-content\/uploads\/2017\/08\/Nicole-Berthod-Granges.jpg\" class=\"slider-5377 slide-5383\" alt=\"\" rel=\"\" title=\"\" style=\"margin-top: 4.4906263624473%\" srcset=\"https:\/\/photosmteroux.ch\/wp-content\/uploads\/2017\/08\/Nicole-Berthod-Granges.jpg 4915w, https:\/\/photosmteroux.ch\/wp-content\/uploads\/2017\/08\/Nicole-Berthod-Granges-300x102.jpg 300w, https:\/\/photosmteroux.ch\/wp-content\/uploads\/2017\/08\/Nicole-Berthod-Granges-768x260.jpg 768w, https:\/\/photosmteroux.ch\/wp-content\/uploads\/2017\/08\/Nicole-Berthod-Granges-1024x347.jpg 1024w, https:\/\/photosmteroux.ch\/wp-content\/uploads\/2017\/08\/Nicole-Berthod-Granges-1080x366.jpg 1080w, https:\/\/photosmteroux.ch\/wp-content\/uploads\/2017\/08\/Nicole-Berthod-Granges-830x281.jpg 830w, https:\/\/photosmteroux.ch\/wp-content\/uploads\/2017\/08\/Nicole-Berthod-Granges-230x78.jpg 230w, https:\/\/photosmteroux.ch\/wp-content\/uploads\/2017\/08\/Nicole-Berthod-Granges-350x119.jpg 350w, https:\/\/photosmteroux.ch\/wp-content\/uploads\/2017\/08\/Nicole-Berthod-Granges-480x163.jpg 480w\" sizes=\"auto, (max-width: 4915px) 100vw, 4915px\" \/><\/li>\n                <li style=\"display: none; width: 100%;\" class=\"slide-5382 ms-image\"><img loading=\"lazy\" decoding=\"async\" width=\"4905\" height=\"1654\" src=\"https:\/\/photosmteroux.ch\/wp-content\/uploads\/2017\/08\/Jacqueline-D\u00e9traz-M\u00e9roz.jpg\" class=\"slider-5377 slide-5382\" alt=\"\" rel=\"\" title=\"\" style=\"margin-top: 4.5682248434542%\" srcset=\"https:\/\/photosmteroux.ch\/wp-content\/uploads\/2017\/08\/Jacqueline-D\u00e9traz-M\u00e9roz.jpg 4905w, https:\/\/photosmteroux.ch\/wp-content\/uploads\/2017\/08\/Jacqueline-D\u00e9traz-M\u00e9roz-300x101.jpg 300w, https:\/\/photosmteroux.ch\/wp-content\/uploads\/2017\/08\/Jacqueline-D\u00e9traz-M\u00e9roz-768x259.jpg 768w, https:\/\/photosmteroux.ch\/wp-content\/uploads\/2017\/08\/Jacqueline-D\u00e9traz-M\u00e9roz-1024x345.jpg 1024w, https:\/\/photosmteroux.ch\/wp-content\/uploads\/2017\/08\/Jacqueline-D\u00e9traz-M\u00e9roz-1080x364.jpg 1080w, https:\/\/photosmteroux.ch\/wp-content\/uploads\/2017\/08\/Jacqueline-D\u00e9traz-M\u00e9roz-830x280.jpg 830w, https:\/\/photosmteroux.ch\/wp-content\/uploads\/2017\/08\/Jacqueline-D\u00e9traz-M\u00e9roz-230x78.jpg 230w, https:\/\/photosmteroux.ch\/wp-content\/uploads\/2017\/08\/Jacqueline-D\u00e9traz-M\u00e9roz-350x118.jpg 350w, https:\/\/photosmteroux.ch\/wp-content\/uploads\/2017\/08\/Jacqueline-D\u00e9traz-M\u00e9roz-480x162.jpg 480w\" sizes=\"auto, (max-width: 4905px) 100vw, 4905px\" \/><\/li>\n                <li style=\"display: none; width: 100%;\" class=\"slide-5384 ms-image\"><img loading=\"lazy\" decoding=\"async\" width=\"4910\" height=\"1656\" src=\"https:\/\/photosmteroux.ch\/wp-content\/uploads\/2017\/08\/Philippe-Curdy.jpg\" class=\"slider-5377 slide-5384\" alt=\"\" rel=\"\" title=\"\" style=\"margin-top: 4.5650276403841%\" srcset=\"https:\/\/photosmteroux.ch\/wp-content\/uploads\/2017\/08\/Philippe-Curdy.jpg 4910w, https:\/\/photosmteroux.ch\/wp-content\/uploads\/2017\/08\/Philippe-Curdy-300x101.jpg 300w, https:\/\/photosmteroux.ch\/wp-content\/uploads\/2017\/08\/Philippe-Curdy-768x259.jpg 768w, https:\/\/photosmteroux.ch\/wp-content\/uploads\/2017\/08\/Philippe-Curdy-1024x345.jpg 1024w, https:\/\/photosmteroux.ch\/wp-content\/uploads\/2017\/08\/Philippe-Curdy-1080x364.jpg 1080w, https:\/\/photosmteroux.ch\/wp-content\/uploads\/2017\/08\/Philippe-Curdy-830x280.jpg 830w, https:\/\/photosmteroux.ch\/wp-content\/uploads\/2017\/08\/Philippe-Curdy-230x78.jpg 230w, https:\/\/photosmteroux.ch\/wp-content\/uploads\/2017\/08\/Philippe-Curdy-350x118.jpg 350w, https:\/\/photosmteroux.ch\/wp-content\/uploads\/2017\/08\/Philippe-Curdy-480x162.jpg 480w\" sizes=\"auto, (max-width: 4910px) 100vw, 4910px\" \/><\/li>\n                <li style=\"display: none; width: 100%;\" class=\"slide-5385 ms-image\"><img loading=\"lazy\" decoding=\"async\" width=\"4906\" height=\"1653\" src=\"https:\/\/photosmteroux.ch\/wp-content\/uploads\/2017\/08\/Pierre-Alain-Zuber.jpg\" class=\"slider-5377 slide-5385\" alt=\"\" rel=\"\" title=\"\" style=\"margin-top: 4.581853124454%\" srcset=\"https:\/\/photosmteroux.ch\/wp-content\/uploads\/2017\/08\/Pierre-Alain-Zuber.jpg 4906w, https:\/\/photosmteroux.ch\/wp-content\/uploads\/2017\/08\/Pierre-Alain-Zuber-300x101.jpg 300w, https:\/\/photosmteroux.ch\/wp-content\/uploads\/2017\/08\/Pierre-Alain-Zuber-768x259.jpg 768w, https:\/\/photosmteroux.ch\/wp-content\/uploads\/2017\/08\/Pierre-Alain-Zuber-1024x345.jpg 1024w, https:\/\/photosmteroux.ch\/wp-content\/uploads\/2017\/08\/Pierre-Alain-Zuber-1080x364.jpg 1080w, https:\/\/photosmteroux.ch\/wp-content\/uploads\/2017\/08\/Pierre-Alain-Zuber-830x280.jpg 830w, https:\/\/photosmteroux.ch\/wp-content\/uploads\/2017\/08\/Pierre-Alain-Zuber-230x77.jpg 230w, https:\/\/photosmteroux.ch\/wp-content\/uploads\/2017\/08\/Pierre-Alain-Zuber-350x118.jpg 350w, https:\/\/photosmteroux.ch\/wp-content\/uploads\/2017\/08\/Pierre-Alain-Zuber-480x162.jpg 480w\" sizes=\"auto, (max-width: 4906px) 100vw, 4906px\" \/><\/li>\n            <\/ul>\n        <\/div>\n        \n    <\/div>\n<\/div>\n<p style=\"text-align: justify;\">\n<\/div>\n<\/div><\/div><\/div><\/div><\/div><\/div><div id=\"pg-5369-3\"  class=\"panel-grid panel-has-style\" ><div style=\"padding: 10px 0; \" data-overlay=\"true\" data-overlay-color=\"#000000\" class=\"panel-row-style panel-row-style-for-5369-3\" ><div id=\"pgc-5369-3-0\"  class=\"panel-grid-cell\" ><div id=\"panel-5369-3-0-0\" class=\"so-panel widget widget_sow-editor panel-first-child panel-last-child\" data-index=\"4\" ><div style=\"text-align: left;\" data-title-color=\"#443f3f\" data-headings-color=\"#443f3f\" class=\"panel-widget-style panel-widget-style-for-5369-3-0-0\" ><div class=\"so-widget-sow-editor so-widget-sow-editor-base\">\n<div class=\"siteorigin-widget-tinymce textwidget\">\n\t<p style=\"text-align: justify;\"><span style=\"font-family: verdana, geneva, sans-serif; font-size: 14pt; color: #000000;\">Cet ouvrage, le deuxi\u00e8me que nous consacrons \u00e0 notre canton d'origine apr\u00e8s \"Rencontres au coeur des vall\u00e9es\", vient de para\u00eetre aux \u00e9ditions Monographic. Treize sujets que nous avons pr\u00e9cieusement collect\u00e9s au gr\u00e9 de nos p\u00e9r\u00e9grinations. Treize parcours \u00e9toil\u00e9s de photographies, \u00a0d'anecdotes et de contes, version contemporaine.<\/span><\/p>\n<p style=\"text-align: justify;\"><span style=\"font-family: verdana, geneva, sans-serif; font-size: 14pt; color: #000000;\">Nous sommes certains que la lecture de LE VALAIS \u00c0 VISAGES D\u00c9COUVERTS ravira les amateurs de r\u00e9cits, de beaut\u00e9s singuli\u00e8res. Des histoires qui jalonnent notre vie et que l'on pourrait croiser en condens\u00e9 sur la toile; des aventures et des photographies qui touchent le c\u0153ur, \u00e9loign\u00e9es de l'impertinence des \u00a0\"selfies\" ambiants.\u00a0<\/span><\/p>\n<p style=\"text-align: justify;\"><span style=\"font-family: verdana, geneva, sans-serif; font-size: 14pt; color: #000000;\">A bient\u00f4t, au fil des pages...<\/span><\/p>\n<\/div>\n<\/div><\/div><\/div><\/div><\/div><\/div><div id=\"pg-5369-4\"  class=\"panel-grid panel-has-style\" ><div class=\"siteorigin-panels-stretch panel-row-style panel-row-style-for-5369-4\" style=\"padding: 10px 0; \" data-stretch-type=\"full\" data-overlay=\"true\" data-overlay-color=\"#000000\" ><div id=\"pgc-5369-4-0\"  class=\"panel-grid-cell\" ><div id=\"panel-5369-4-0-0\" class=\"so-panel widget widget_sow-editor panel-first-child panel-last-child\" data-index=\"5\" ><div style=\"text-align: left;\" data-title-color=\"#443f3f\" data-headings-color=\"#443f3f\" class=\"panel-widget-style panel-widget-style-for-5369-4-0-0\" ><div class=\"so-widget-sow-editor so-widget-sow-editor-base\">\n<div class=\"siteorigin-widget-tinymce textwidget\">\n\t<p><img loading=\"lazy\" decoding=\"async\" class=\"aligncenter size-full wp-image-6225\" src=\"https:\/\/photosmteroux.ch\/wp-content\/uploads\/2018\/12\/Article-NF-encadr\u00e9.jpg\" alt=\"\" width=\"1740\" height=\"2051\" srcset=\"https:\/\/photosmteroux.ch\/wp-content\/uploads\/2018\/12\/Article-NF-encadr\u00e9.jpg 1740w, https:\/\/photosmteroux.ch\/wp-content\/uploads\/2018\/12\/Article-NF-encadr\u00e9-255x300.jpg 255w, https:\/\/photosmteroux.ch\/wp-content\/uploads\/2018\/12\/Article-NF-encadr\u00e9-768x905.jpg 768w, https:\/\/photosmteroux.ch\/wp-content\/uploads\/2018\/12\/Article-NF-encadr\u00e9-869x1024.jpg 869w, https:\/\/photosmteroux.ch\/wp-content\/uploads\/2018\/12\/Article-NF-encadr\u00e9-652x768.jpg 652w, https:\/\/photosmteroux.ch\/wp-content\/uploads\/2018\/12\/Article-NF-encadr\u00e9-1080x1273.jpg 1080w, https:\/\/photosmteroux.ch\/wp-content\/uploads\/2018\/12\/Article-NF-encadr\u00e9-830x978.jpg 830w, https:\/\/photosmteroux.ch\/wp-content\/uploads\/2018\/12\/Article-NF-encadr\u00e9-230x271.jpg 230w, https:\/\/photosmteroux.ch\/wp-content\/uploads\/2018\/12\/Article-NF-encadr\u00e9-350x413.jpg 350w, https:\/\/photosmteroux.ch\/wp-content\/uploads\/2018\/12\/Article-NF-encadr\u00e9-480x566.jpg 480w\" sizes=\"auto, (max-width: 1740px) 100vw, 1740px\" \/><\/p>\n<p style=\"text-align: center;\"><span style=\"font-family: verdana, geneva, sans-serif; color: #000000;\">Tr\u00e8s bel article de Sarah Wicky dans le NF du 1 d\u00e9cembre 2018. Merci \u00e0 elle!<\/span><\/p>\n<\/div>\n<\/div><\/div><\/div><\/div><\/div><\/div><div id=\"pg-5369-5\"  class=\"panel-grid panel-has-style\" ><div class=\"siteorigin-panels-stretch panel-row-style panel-row-style-for-5369-5\" style=\"padding: 10px 0; \" data-stretch-type=\"full\" data-overlay=\"true\" data-overlay-color=\"#000000\" ><div id=\"pgc-5369-5-0\"  class=\"panel-grid-cell\" ><div id=\"panel-5369-5-0-0\" class=\"so-panel widget widget_sow-editor panel-first-child panel-last-child\" data-index=\"6\" ><div style=\"text-align: left;\" data-title-color=\"#443f3f\" data-headings-color=\"#443f3f\" class=\"panel-widget-style panel-widget-style-for-5369-5-0-0\" ><div class=\"so-widget-sow-editor so-widget-sow-editor-base\">\n<div class=\"siteorigin-widget-tinymce textwidget\">\n\t<figure id=\"attachment_6343\" aria-describedby=\"caption-attachment-6343\" style=\"width: 2252px\" class=\"wp-caption aligncenter\"><img loading=\"lazy\" decoding=\"async\" class=\"wp-image-6343 size-full\" src=\"https:\/\/photosmteroux.ch\/wp-content\/uploads\/2018\/12\/JDS-071218.jpg\" alt=\"\" width=\"2252\" height=\"1997\" srcset=\"https:\/\/photosmteroux.ch\/wp-content\/uploads\/2018\/12\/JDS-071218.jpg 2252w, https:\/\/photosmteroux.ch\/wp-content\/uploads\/2018\/12\/JDS-071218-300x266.jpg 300w, https:\/\/photosmteroux.ch\/wp-content\/uploads\/2018\/12\/JDS-071218-768x681.jpg 768w, https:\/\/photosmteroux.ch\/wp-content\/uploads\/2018\/12\/JDS-071218-1024x908.jpg 1024w, https:\/\/photosmteroux.ch\/wp-content\/uploads\/2018\/12\/JDS-071218-1080x958.jpg 1080w, https:\/\/photosmteroux.ch\/wp-content\/uploads\/2018\/12\/JDS-071218-830x736.jpg 830w, https:\/\/photosmteroux.ch\/wp-content\/uploads\/2018\/12\/JDS-071218-230x204.jpg 230w, https:\/\/photosmteroux.ch\/wp-content\/uploads\/2018\/12\/JDS-071218-350x310.jpg 350w, https:\/\/photosmteroux.ch\/wp-content\/uploads\/2018\/12\/JDS-071218-480x426.jpg 480w\" sizes=\"auto, (max-width: 2252px) 100vw, 2252px\" \/><figcaption id=\"caption-attachment-6343\" class=\"wp-caption-text\">Tr\u00e8s joli cadeau de No\u00ebl de la part d' Isabelle Bagnoud Loretan<\/figcaption><\/figure>\n<\/div>\n<\/div><\/div><\/div><\/div><\/div><\/div><div id=\"pg-5369-6\"  class=\"panel-grid panel-has-style\" ><div style=\"padding: 10px 0; \" data-overlay=\"true\" data-overlay-color=\"#000000\" class=\"panel-row-style panel-row-style-for-5369-6\" ><div id=\"pgc-5369-6-0\"  class=\"panel-grid-cell\" ><div id=\"panel-5369-6-0-0\" class=\"so-panel widget widget_sow-editor panel-first-child panel-last-child\" data-index=\"7\" ><div style=\"text-align: left;\" data-title-color=\"#443f3f\" data-headings-color=\"#443f3f\" class=\"panel-widget-style panel-widget-style-for-5369-6-0-0\" ><div class=\"so-widget-sow-editor so-widget-sow-editor-base\">\n<div class=\"siteorigin-widget-tinymce textwidget\">\n\t<figure id=\"attachment_6455\" aria-describedby=\"caption-attachment-6455\" style=\"width: 2746px\" class=\"wp-caption aligncenter\"><img loading=\"lazy\" decoding=\"async\" class=\"size-full wp-image-6455\" src=\"https:\/\/photosmteroux.ch\/wp-content\/uploads\/2019\/03\/Le-Valais-\u00e0-visages-d\u00e9couverts-CAS-mars-2019.png\" alt=\"\" width=\"2746\" height=\"2303\" srcset=\"https:\/\/photosmteroux.ch\/wp-content\/uploads\/2019\/03\/Le-Valais-\u00e0-visages-d\u00e9couverts-CAS-mars-2019.png 2746w, https:\/\/photosmteroux.ch\/wp-content\/uploads\/2019\/03\/Le-Valais-\u00e0-visages-d\u00e9couverts-CAS-mars-2019-300x252.png 300w, https:\/\/photosmteroux.ch\/wp-content\/uploads\/2019\/03\/Le-Valais-\u00e0-visages-d\u00e9couverts-CAS-mars-2019-768x644.png 768w, https:\/\/photosmteroux.ch\/wp-content\/uploads\/2019\/03\/Le-Valais-\u00e0-visages-d\u00e9couverts-CAS-mars-2019-1024x859.png 1024w, https:\/\/photosmteroux.ch\/wp-content\/uploads\/2019\/03\/Le-Valais-\u00e0-visages-d\u00e9couverts-CAS-mars-2019-1080x906.png 1080w, https:\/\/photosmteroux.ch\/wp-content\/uploads\/2019\/03\/Le-Valais-\u00e0-visages-d\u00e9couverts-CAS-mars-2019-830x696.png 830w, https:\/\/photosmteroux.ch\/wp-content\/uploads\/2019\/03\/Le-Valais-\u00e0-visages-d\u00e9couverts-CAS-mars-2019-230x193.png 230w, https:\/\/photosmteroux.ch\/wp-content\/uploads\/2019\/03\/Le-Valais-\u00e0-visages-d\u00e9couverts-CAS-mars-2019-350x294.png 350w, https:\/\/photosmteroux.ch\/wp-content\/uploads\/2019\/03\/Le-Valais-\u00e0-visages-d\u00e9couverts-CAS-mars-2019-480x403.png 480w\" sizes=\"auto, (max-width: 2746px) 100vw, 2746px\" \/><figcaption id=\"caption-attachment-6455\" class=\"wp-caption-text\">Encart dans le magazine L'ALPE de mars 2019 \u00e9dit\u00e9 par le Club Alpin Suisse<\/figcaption><\/figure>\n<\/div>\n<\/div><\/div><\/div><\/div><\/div><\/div><div id=\"pg-5369-7\"  class=\"panel-grid panel-has-style\" ><div class=\"siteorigin-panels-stretch panel-row-style panel-row-style-for-5369-7\" style=\"padding: 10px 0; \" data-stretch-type=\"full\" data-overlay=\"true\" data-overlay-color=\"#000000\" ><div id=\"pgc-5369-7-0\"  class=\"panel-grid-cell\" ><div id=\"panel-5369-7-0-0\" class=\"so-panel widget widget_sow-editor panel-first-child panel-last-child\" data-index=\"8\" ><div style=\"text-align: left;\" data-title-color=\"#443f3f\" data-headings-color=\"#443f3f\" class=\"panel-widget-style panel-widget-style-for-5369-7-0-0\" ><div class=\"so-widget-sow-editor so-widget-sow-editor-base\">\n<div class=\"siteorigin-widget-tinymce textwidget\">\n\t<p style=\"text-align: right;\"><a href=\"https:\/\/photosmteroux.ch\/\">HOME<\/a><\/p>\n<\/div>\n<\/div><\/div><\/div><\/div><\/div><\/div><\/div>","protected":false},"excerpt":{"rendered":"<p>HOME<\/p>\n","protected":false},"author":1,"featured_media":0,"parent":0,"menu_order":0,"comment_status":"closed","ping_status":"closed","template":"page-templates\/page_fullwidth.php","meta":{"footnotes":""},"class_list":["post-5369","page","type-page","status-publish","hentry"],"_links":{"self":[{"href":"https:\/\/photosmteroux.ch\/index.php?rest_route=\/wp\/v2\/pages\/5369","targetHints":{"allow":["GET"]}}],"collection":[{"href":"https:\/\/photosmteroux.ch\/index.php?rest_route=\/wp\/v2\/pages"}],"about":[{"href":"https:\/\/photosmteroux.ch\/index.php?rest_route=\/wp\/v2\/types\/page"}],"author":[{"embeddable":true,"href":"https:\/\/photosmteroux.ch\/index.php?rest_route=\/wp\/v2\/users\/1"}],"replies":[{"embeddable":true,"href":"https:\/\/photosmteroux.ch\/index.php?rest_route=%2Fwp%2Fv2%2Fcomments&post=5369"}],"version-history":[{"count":143,"href":"https:\/\/photosmteroux.ch\/index.php?rest_route=\/wp\/v2\/pages\/5369\/revisions"}],"predecessor-version":[{"id":6749,"href":"https:\/\/photosmteroux.ch\/index.php?rest_route=\/wp\/v2\/pages\/5369\/revisions\/6749"}],"wp:attachment":[{"href":"https:\/\/photosmteroux.ch\/index.php?rest_route=%2Fwp%2Fv2%2Fmedia&parent=5369"}],"curies":[{"name":"wp","href":"https:\/\/api.w.org\/{rel}","templated":true}]}}