{"id":6694,"date":"2020-07-09T09:41:27","date_gmt":"2020-07-09T07:41:27","guid":{"rendered":"https:\/\/photosmteroux.ch\/?page_id=6694"},"modified":"2020-08-25T08:32:01","modified_gmt":"2020-08-25T06:32:01","slug":"destination-collection","status":"publish","type":"page","link":"https:\/\/photosmteroux.ch\/?page_id=6694","title":{"rendered":"DESTINATION COLLECTION"},"content":{"rendered":"<div id=\"pl-6694\"  class=\"panel-layout\" ><div id=\"pg-6694-0\"  class=\"panel-grid panel-has-style\" ><div class=\"siteorigin-panels-stretch panel-row-style panel-row-style-for-6694-0\" style=\"padding: 10px 0; \" data-stretch-type=\"full\" data-overlay=\"true\" data-overlay-color=\"#000000\" ><div id=\"pgc-6694-0-0\"  class=\"panel-grid-cell\" ><div id=\"panel-6694-0-0-0\" class=\"so-panel widget widget_sow-editor panel-first-child panel-last-child\" data-index=\"0\" ><div style=\"text-align: left;\" data-title-color=\"#443f3f\" data-headings-color=\"#443f3f\" class=\"panel-widget-style panel-widget-style-for-6694-0-0-0\" ><div class=\"so-widget-sow-editor so-widget-sow-editor-base\">\n<div class=\"siteorigin-widget-tinymce textwidget\">\n\t<p style=\"text-align: right;\"><a href=\"https:\/\/photosmteroux.ch\/\">HOME<\/a><\/p>\n<\/div>\n<\/div><\/div><\/div><\/div><\/div><\/div><div id=\"pg-6694-1\"  class=\"panel-grid panel-has-style\" ><div style=\"padding: 100px 0; \" data-overlay=\"true\" class=\"panel-row-style panel-row-style-for-6694-1\" ><div id=\"pgc-6694-1-0\"  class=\"panel-grid-cell\" ><div id=\"panel-6694-1-0-0\" class=\"so-panel widget widget_sow-editor panel-first-child panel-last-child\" data-index=\"1\" ><div style=\"text-align: left;\" data-title-color=\"#443f3f\" data-headings-color=\"#443f3f\" class=\"panel-widget-style panel-widget-style-for-6694-1-0-0\" ><div class=\"so-widget-sow-editor so-widget-sow-editor-base\">\n<div class=\"siteorigin-widget-tinymce textwidget\">\n\t<p><strong><span style=\"font-family: verdana, geneva, sans-serif; font-size: 14pt; color: #000000;\">EXPOSITION AU P\u00c9NITENCIER, SION DU 20 JUIN 2020 AU 10 JANVIER 2021<\/span><\/strong><\/p>\n<p style=\"text-align: justify;\"><span style=\"font-family: verdana, geneva, sans-serif;\">C'est un grand honneur que les mus\u00e9es cantonaux nous font en choisissant une des photos de notre livre LE VALAIS A VISAGES D\u00c9COUVERTS pour illustrer les collections entomologiques. Nous avons\u00a0\u00a0capt\u00e9 cette magnifique ambiance en suivant Sonja Gerber dans ses p\u00e9r\u00e9grinations au Leukerfeld. Un grand merci aux organisatrices (teurs) de nous avoir choisis.\u00a0<\/span><span style=\"font-family: verdana, geneva, sans-serif;\">L'exposition, tr\u00e8s fouill\u00e9e et pleine de surprises, r\u00e9v\u00e8le une partie de ce qui reste d'habitude cach\u00e9 dans les armoires et les tiroirs. A voir absolument, seul ou en famille!<\/span><\/p>\n<p><img loading=\"lazy\" decoding=\"async\" class=\"aligncenter wp-image-6696\" src=\"https:\/\/photosmteroux.ch\/wp-content\/uploads\/2020\/07\/MTE-au-p\u00e9nitencier.jpg\" alt=\"\" width=\"1300\" height=\"975\" srcset=\"https:\/\/photosmteroux.ch\/wp-content\/uploads\/2020\/07\/MTE-au-p\u00e9nitencier.jpg 1824w, https:\/\/photosmteroux.ch\/wp-content\/uploads\/2020\/07\/MTE-au-p\u00e9nitencier-300x225.jpg 300w, https:\/\/photosmteroux.ch\/wp-content\/uploads\/2020\/07\/MTE-au-p\u00e9nitencier-1024x768.jpg 1024w, https:\/\/photosmteroux.ch\/wp-content\/uploads\/2020\/07\/MTE-au-p\u00e9nitencier-768x576.jpg 768w, https:\/\/photosmteroux.ch\/wp-content\/uploads\/2020\/07\/MTE-au-p\u00e9nitencier-1536x1152.jpg 1536w, https:\/\/photosmteroux.ch\/wp-content\/uploads\/2020\/07\/MTE-au-p\u00e9nitencier-830x623.jpg 830w, https:\/\/photosmteroux.ch\/wp-content\/uploads\/2020\/07\/MTE-au-p\u00e9nitencier-230x173.jpg 230w, https:\/\/photosmteroux.ch\/wp-content\/uploads\/2020\/07\/MTE-au-p\u00e9nitencier-350x263.jpg 350w, https:\/\/photosmteroux.ch\/wp-content\/uploads\/2020\/07\/MTE-au-p\u00e9nitencier-480x360.jpg 480w\" sizes=\"auto, (max-width: 1300px) 100vw, 1300px\" \/><\/p>\n<p><img loading=\"lazy\" decoding=\"async\" class=\"aligncenter size-full wp-image-6695\" src=\"https:\/\/photosmteroux.ch\/wp-content\/uploads\/2020\/07\/Capture-d\u2019\u00e9cran-2020-07-09-\u00e0-09.25.06.jpg\" alt=\"\" width=\"2057\" height=\"2311\" srcset=\"https:\/\/photosmteroux.ch\/wp-content\/uploads\/2020\/07\/Capture-d\u2019\u00e9cran-2020-07-09-\u00e0-09.25.06.jpg 2057w, https:\/\/photosmteroux.ch\/wp-content\/uploads\/2020\/07\/Capture-d\u2019\u00e9cran-2020-07-09-\u00e0-09.25.06-267x300.jpg 267w, https:\/\/photosmteroux.ch\/wp-content\/uploads\/2020\/07\/Capture-d\u2019\u00e9cran-2020-07-09-\u00e0-09.25.06-911x1024.jpg 911w, https:\/\/photosmteroux.ch\/wp-content\/uploads\/2020\/07\/Capture-d\u2019\u00e9cran-2020-07-09-\u00e0-09.25.06-768x863.jpg 768w, https:\/\/photosmteroux.ch\/wp-content\/uploads\/2020\/07\/Capture-d\u2019\u00e9cran-2020-07-09-\u00e0-09.25.06-684x768.jpg 684w, https:\/\/photosmteroux.ch\/wp-content\/uploads\/2020\/07\/Capture-d\u2019\u00e9cran-2020-07-09-\u00e0-09.25.06-1367x1536.jpg 1367w, https:\/\/photosmteroux.ch\/wp-content\/uploads\/2020\/07\/Capture-d\u2019\u00e9cran-2020-07-09-\u00e0-09.25.06-1823x2048.jpg 1823w, https:\/\/photosmteroux.ch\/wp-content\/uploads\/2020\/07\/Capture-d\u2019\u00e9cran-2020-07-09-\u00e0-09.25.06-830x932.jpg 830w, https:\/\/photosmteroux.ch\/wp-content\/uploads\/2020\/07\/Capture-d\u2019\u00e9cran-2020-07-09-\u00e0-09.25.06-230x258.jpg 230w, https:\/\/photosmteroux.ch\/wp-content\/uploads\/2020\/07\/Capture-d\u2019\u00e9cran-2020-07-09-\u00e0-09.25.06-350x393.jpg 350w, https:\/\/photosmteroux.ch\/wp-content\/uploads\/2020\/07\/Capture-d\u2019\u00e9cran-2020-07-09-\u00e0-09.25.06-480x539.jpg 480w\" sizes=\"auto, (max-width: 2057px) 100vw, 2057px\" \/><\/p>\n<\/div>\n<\/div><\/div><\/div><\/div><\/div><\/div><div id=\"pg-6694-2\"  class=\"panel-grid panel-has-style\" ><div class=\"siteorigin-panels-stretch panel-row-style panel-row-style-for-6694-2\" style=\"padding: 10px 0; \" data-stretch-type=\"full\" data-overlay=\"true\" data-overlay-color=\"#000000\" ><div id=\"pgc-6694-2-0\"  class=\"panel-grid-cell\" ><div id=\"panel-6694-2-0-0\" class=\"so-panel widget widget_sow-editor panel-first-child panel-last-child\" data-index=\"2\" ><div style=\"text-align: left;\" data-title-color=\"#443f3f\" data-headings-color=\"#443f3f\" class=\"panel-widget-style panel-widget-style-for-6694-2-0-0\" ><div class=\"so-widget-sow-editor so-widget-sow-editor-base\">\n<div class=\"siteorigin-widget-tinymce textwidget\">\n\t<p style=\"text-align: right;\"><a href=\"https:\/\/photosmteroux.ch\/\">HOME<\/a><\/p>\n<\/div>\n<\/div><\/div><\/div><\/div><\/div><\/div><\/div>","protected":false},"excerpt":{"rendered":"<p>HOME EXPOSITION AU P\u00c9NITENCIER, SION DU 20 JUIN 2020 AU 10 JANVIER 2021 C&#8217;est un grand honneur que les mus\u00e9es cantonaux nous [&hellip;]<\/p>\n","protected":false},"author":1,"featured_media":0,"parent":0,"menu_order":0,"comment_status":"closed","ping_status":"closed","template":"page-templates\/page_fullwidth.php","meta":{"footnotes":""},"class_list":["post-6694","page","type-page","status-publish","hentry"],"_links":{"self":[{"href":"https:\/\/photosmteroux.ch\/index.php?rest_route=\/wp\/v2\/pages\/6694","targetHints":{"allow":["GET"]}}],"collection":[{"href":"https:\/\/photosmteroux.ch\/index.php?rest_route=\/wp\/v2\/pages"}],"about":[{"href":"https:\/\/photosmteroux.ch\/index.php?rest_route=\/wp\/v2\/types\/page"}],"author":[{"embeddable":true,"href":"https:\/\/photosmteroux.ch\/index.php?rest_route=\/wp\/v2\/users\/1"}],"replies":[{"embeddable":true,"href":"https:\/\/photosmteroux.ch\/index.php?rest_route=%2Fwp%2Fv2%2Fcomments&post=6694"}],"version-history":[{"count":4,"href":"https:\/\/photosmteroux.ch\/index.php?rest_route=\/wp\/v2\/pages\/6694\/revisions"}],"predecessor-version":[{"id":6747,"href":"https:\/\/photosmteroux.ch\/index.php?rest_route=\/wp\/v2\/pages\/6694\/revisions\/6747"}],"wp:attachment":[{"href":"https:\/\/photosmteroux.ch\/index.php?rest_route=%2Fwp%2Fv2%2Fmedia&parent=6694"}],"curies":[{"name":"wp","href":"https:\/\/api.w.org\/{rel}","templated":true}]}}